{"id":1275,"date":"2025-12-09T14:32:00","date_gmt":"2025-12-09T14:32:00","guid":{"rendered":"https:\/\/ugn.travelblox.eu\/?page_id=1275"},"modified":"2026-04-09T07:32:25","modified_gmt":"2026-04-09T07:32:25","slug":"impact-page","status":"publish","type":"page","link":"https:\/\/ugn.travelblox.eu\/de\/home\/impact-page\/","title":{"rendered":"Impact-Seite"},"content":{"rendered":"<div class=\"tb-header tb-block align-center background-dark pattern-none variant-none\" id=\"header\" data-fallback-background=\"https:\/\/ugn.travelblox.eu\/wp-content\/uploads\/sites\/124\/2025\/12\/WAUGA25_NickRosmolen_LR-354-1.jpg\" style=\"background-image: url('https:\/\/ugn.travelblox.eu\/wp-content\/uploads\/sites\/124\/2025\/12\/WAUGA25_NickRosmolen_LR-354-1.jpg'); background-position:;\">\n    <div class=\"tb-header-foreground\">\n        <div class=\"inner-block\">\n\n            <div class=\"main-part\">\n                <div class=\"text-part\">\n                                                                                            <h1>\t<span class=\"tb-logo\"  style=\"-webkit-mask-image: url(https:\/\/ugn.travelblox.eu\/wp-content\/uploads\/sites\/124\/2025\/07\/round-white.svg); mask-image: url(https:\/\/ugn.travelblox.eu\/wp-content\/uploads\/sites\/124\/2025\/07\/round-white.svg)\">\n\t\t<img src='https:\/\/ugn.travelblox.eu\/wp-content\/uploads\/sites\/124\/2025\/07\/round-white.svg' width='1024' height='1024' alt='Uganda Nomads Logo' title='Uganda Nomads' loading='lazy'>\n\t<\/span>\n<\/h1>\n                                                                                        <h2 class=\"tb-subtitle\">\t\t<div class=\"translation-block\"><p>Weil wir glauben, dass deine Reise nach Uganda zu einer besseren Welt beitragen kann<\/p><\/div>\n\t<\/h2>\n                                                                                                                                <div class=\"tb-buttons-part\">\n                                                            \t\t<a href=\"https:\/\/ugandanomads.com\/en\/home\/impact-page\/#onzeimpact\"  target=\"\" class=\"tb-button\">\n\t\t\tUnser Einfluss\t\t<\/a>\n\t\t                                                                                <\/div>\n                                                        <\/div>\n            <\/div>\n            \t\t<a href=\"#\" class=\"scroll-down-button\">\n\t\t\t<i class=\"fa fa-arrow-down\"><\/i>\n\t\t<\/a>\n\t\n                    <\/div>\n    <\/div>\n\n    \n    \n<\/div>\n\n\n<div class=\"tb-textimage2 tb-block align-left background-light pattern-none variant-text_first tb-collapsible-margins\" id=\"onzeimpact\">\n\t<div class=\"inner-block tb-fade-in\">\n\n\t\t\n\t\t<div class=\"tb-columns\">\n\t\t\t<div class=\"tb-column\">\n\t\t\t\t<div class=\"tb-text-part\">\n\t\t\t\t\t<h2>Mehr als nur reisen<\/h2>\n\t\t\t\t\t\t\t<div class=\"translation-block\"><p>Bei Uganda Nomads sind wir der \u00dcberzeugung, dass Reisen <i>positive Ver\u00e4nderungen<\/i> bewirken kann. Es ist unsere Mission, dir die Wunder der \u201e<i>Perle Afrikas<\/i>\u201c n\u00e4herzubringen, w\u00e4hrend wir gleichzeitig sicherstellen, dass deine Reise einen sp\u00fcrbaren, positiven Einfluss auf das Land, die Natur und die lokalen Gemeinschaften hat.<\/p><p>Durch die Buchung bei Uganda Nomads tr\u00e4gst du direkt zu folgendem bei:<\/p><ul><li><strong>Der lokalen Wirtschaft:<\/strong> indem wir mit kleinen ugandischen Unternehmern zusammenarbeiten, bleibt das Geld in Uganda<\/li><li><strong>Gemeinschaftsprojekte:<\/strong> wir t\u00e4tigen gezielte Investitionen in kleine, menschenorientierte Initiativen.<\/li><li><strong>Nachhaltiges Wassermanagement:<\/strong> \u00fcber die Butterfly Foundation.<\/li><\/ul><\/div>\n\t\t\t\t\t\t\t\t\t\t\t<div class=\"tb-buttons-part\">\n\t\t\t\t\t\t\t\t<a href=\"https:\/\/ugandanomads.com\/de\/home\/impact-page\/#projects\"  target=\"\" class=\"tb-button\">\n\t\t\tUnsere Projekte\t\t<\/a>\n\t\t\t\t\t\t\t\t\t\t<a href=\"https:\/\/butterfly-foundation.org\/de\/\"  target=\"_blank\" class=\"tb-buttonlink\">\n\t\t\t\u00dcber die Butterfly Foundation\t\t<\/a>\n\t\t\t\t\t\t\t<\/div>\n\t\t\t\t<\/div>\n\t\t\t<\/div>\n\t\t\t<div class=\"tb-column\">\n\t\t\t\t\t\t\t\t\t\t\t\t\t\t\t<div class=\"tb-image-part\">\n\t\t\t\t\t\t\t\t\t\t\t<div class=\"inner-block-full-width has-tb-carousel tb-carousel-slider\" >\n\t\t\t<div class=\"tb-carousel-container\">\n\t\t\t\t<div class=\"entries tb-cards\" data-slider-first=\"0\">\n\t\t\t\t\t\t\t\t\t<div class=\"entry\">\n\t\t\t\t<div class=\"tb-image-part\">\n\t\t\t\t\t<figure>\n\t\t\t\t\t\t<img src='https:\/\/ugn.travelblox.eu\/wp-content\/uploads\/sites\/124\/2025\/12\/ansita-moses-768x576.jpg' width='768' height='576' loading='lazy' image_size='medium_large'>\t\t\t\t\t\t\t\t\t\t\t\t\t\t\t\t\t\t\t\t\t\t\t\t\t\t\t\t\t\t\t<\/figure>\n\t\t\t\t<\/div>\n\t\t\t<\/div>\n\t\t\t\t\t<div class=\"entry\">\n\t\t\t\t<div class=\"tb-image-part\">\n\t\t\t\t\t<figure>\n\t\t\t\t\t\t<img src='https:\/\/ugn.travelblox.eu\/wp-content\/uploads\/sites\/124\/2025\/12\/IMG_5111-768x1024.jpg' width='768' height='1024' loading='lazy' image_size='medium_large'>\t\t\t\t\t\t\t\t\t\t\t\t\t\t\t\t\t\t\t\t\t\t\t\t\t\t\t\t\t\t\t<\/figure>\n\t\t\t\t<\/div>\n\t\t\t<\/div>\n\t\t\t\t\t<div class=\"entry\">\n\t\t\t\t<div class=\"tb-image-part\">\n\t\t\t\t\t<figure>\n\t\t\t\t\t\t<img src='https:\/\/ugn.travelblox.eu\/wp-content\/uploads\/sites\/124\/2025\/12\/ansita-moses1.jpg' width='643' height='857' loading='lazy' image_size='medium_large'>\t\t\t\t\t\t\t\t\t\t\t\t\t\t\t\t\t\t\t\t\t\t\t\t\t\t\t\t\t\t\t<\/figure>\n\t\t\t\t<\/div>\n\t\t\t<\/div>\n\t\t\t\t\t<div class=\"entry\">\n\t\t\t\t<div class=\"tb-image-part\">\n\t\t\t\t\t<figure>\n\t\t\t\t\t\t<img src='https:\/\/ugn.travelblox.eu\/wp-content\/uploads\/sites\/124\/2025\/12\/IMG_8428-768x512.jpg' width='768' height='512' loading='lazy' image_size='medium_large'>\t\t\t\t\t\t\t\t\t\t\t\t\t\t\t\t\t\t\t\t\t\t\t\t\t\t\t\t\t\t\t<\/figure>\n\t\t\t\t<\/div>\n\t\t\t<\/div>\n\t\t\t\t\t<div class=\"entry\">\n\t\t\t\t<div class=\"tb-image-part\">\n\t\t\t\t\t<figure>\n\t\t\t\t\t\t<img src='https:\/\/ugn.travelblox.eu\/wp-content\/uploads\/sites\/124\/2025\/12\/charity-water-dropped-768x594.jpg' width='768' height='594' loading='lazy' image_size='medium_large'>\t\t\t\t\t\t\t\t\t\t\t\t\t\t\t\t\t\t\t\t\t\t\t\t\t\t\t\t\t\t\t<\/figure>\n\t\t\t\t<\/div>\n\t\t\t<\/div>\n\t\t\t\t\t\t\t\t<\/div>\n\t\t\t\t\t\t<div class=\"tb-carousel-nav\">\n\t\t\t<div class=\"dots\">\n\t\t\t\t<div class=\"dot active\"><\/div>\n\t\t\t\t<div class=\"dot\"><\/div>\n\t\t\t\t<div class=\"dot\"><\/div>\n\t\t\t<\/div>\n\t\t\t<div class=\"arrows\">\n\t\t\t\t<div class=\"prev disabled\">\n\t\t\t\t\t<span><i class=\"fa fa-chevron-left\"><\/i><\/span>\n\t\t\t\t<\/div>\n\t\t\t\t<div class=\"next\">\n\t\t\t\t\t<span><i class=\"fa fa-chevron-right\"><\/i><\/span>\n\t\t\t\t<\/div>\n\t\t\t<\/div>\n\t\t<\/div>\n\t\t\t\t<\/div>\n\t\t<\/div>\n\t\t\t\t\t\t\t\t<\/div>\n\t\t\t\t\t\t\t\t\t\t\t\t<\/div>\n\t\t<\/div>\n\t<\/div>\n<\/div>\n\n\n<div class=\"tb-destinations tb-block align-center background-dark pattern-none variant-none tb-collapsible-margins\" id=\"projects\">\n\t<div class=\"inner-block tb-fade-in tb-fade-in--subtle\">\n\t\t<div class=\"text-part\">\n\t\t\t<h2>Die Projekte, die wir unterst\u00fctzen<\/h2>\n\t\t\t\t\t<div class=\"translation-block\"><\/div>\n\t\t\t\t\t\t<\/div>\n\t<\/div>\n\n\t<!-- sections -->\n\n\t\t\t<div class=\"tb-sections tb-fade-in tb-fade-in--subtle\">\n\t\t\t\t\t\t\t\t\t\t\t\t\t\t<div class=\"inner-block-full-width has-tb-carousel tb-section\" id=\"projects-section-0\">\n\t\t\t<div class=\"tb-carousel-container\">\n\t\t\t\t<div class=\"entries tb-cards\" data-slider-first=\"1\">\n\t\t\t\t\t\t\t\t\t\n\t\t\t\t\t\t\t\t\t\t\t\t\t<a href=\"https:\/\/www.charitywater.org\/about\"  target=\"\" class=\"tb-card entry\">\n\t\t\t\t\t\t\t\t\t\t\t\t\t\t\t<div class=\"tb-image-part\">\n\n\t\t\t\t\t\t\t\t\t<img src='https:\/\/ugn.travelblox.eu\/wp-content\/uploads\/sites\/124\/2025\/12\/join-for-water-cropped-768x515.jpg' width='768' height='515' loading='lazy' image_size='medium_large'>\t\t\t\t\t\t\t\t\t\t\t\t\t\t\t\t\t\t\t<div class=\"tb-image-part__overlay\">\n\t\t\t\t\t\t\t\t\t\t\t<h3 class=\"tb-image-part__title\">\n\t\t\t\t\t\t\t\t\t\t\t\t<span>Join For Water<\/span>\n\t\t\t\t\t\t\t\t\t\t\t\t\t\t\t\t\t\t\t\t\t\t\t\t\t<i class=\"icon fa-solid fa-arrow-right\"><\/i>\n\t\t\t\t\t\t\t\t\t\t\t\t\t\t\t\t\t\t\t\t\t\t\t<\/h3>\n\t\t\t\t\t\t\t\t\t\t\t\t\t\t\t\t\t\t\t\t\t<\/div>\n\t\t\t\t\t\t\t\t\t\n\t\t\t\t\t\t\t\t\t\t\t\t\t\t\t\t\t\t\t<div class=\"tag tiny-body-font\">Wassermanagement<\/div>\n\t\t\t\t\t\t\t\t\t\n\t\t\t\t\t\t\t\t<\/div>\n\t\t\t\t\t\t\t\t\t\t\t\t\t\t\t\t\t<div class=\"tb-card-content\">\n\t\t\t\t\t\t\t\t\t\t\t\t\t\t\t\t\t\t\t\t\t<div class=\"property\">\n\t\t\t\t\t\t\t\t\t\t\t\t\t\t\t\t<i class=\"icon fa-solid fa-shower\" aria-hidden=\"true\"><\/i>\n\t\t\t\t\t\t\t\t\t\t\t\t\t\t\t<span>Bau von \u00d6ko-Toiletten &#038; Bew\u00e4sserungsturm<\/span>\n\t\t\t\t\t\t\t\t\t\t\t<\/div>\n\t\t\t\t\t\t\t\t\t\t\t\t\t\t\t\t\t\t\t\t\t<div class=\"property\">\n\t\t\t\t\t\t\t\t\t\t\t\t\t\t\t\t<i class=\"icon fa-solid fa-people-group\" aria-hidden=\"true\"><\/i>\n\t\t\t\t\t\t\t\t\t\t\t\t\t\t\t<span>3.754 Menschen mit Trinkwasser und Wasser f\u00fcr die Landwirtschaft versorgen.<\/span>\n\t\t\t\t\t\t\t\t\t\t\t<\/div>\n\t\t\t\t\t\t\t\t\t\t\t\t\t\t\t\t\t\t\t<\/div>\n\t\t\t\t\t\t\t\t\n\t\t\t\t\t\t\t\t\t\t\t\t\t\t\t<\/a>\n\t\t\t\t\t\t\n\n\t\t\t\t\t\t\t\t\t\t\t\t\t\t<div class=\"tb-card entry\">\n\t\t\t\t\t\t\t\t\t\t\t\t\t\t\t\t<div class=\"tb-image-part\">\n\n\t\t\t\t\t\t\t\t\t<img src='https:\/\/ugn.travelblox.eu\/wp-content\/uploads\/sites\/124\/2025\/12\/Anais_Steyaert_Uganda2025433-768x512.jpg' width='768' height='512' loading='lazy' image_size='medium_large'>\t\t\t\t\t\t\t\t\t\t\t\t\t\t\t\t\t\t\t<div class=\"tb-image-part__overlay\">\n\t\t\t\t\t\t\t\t\t\t\t<h3 class=\"tb-image-part__title\">\n\t\t\t\t\t\t\t\t\t\t\t\t<span>Tukulu Eco Village<\/span>\n\t\t\t\t\t\t\t\t\t\t\t\t\t\t\t\t\t\t\t\t\t\t\t<\/h3>\n\t\t\t\t\t\t\t\t\t\t\t\t\t\t\t\t\t\t\t\t\t<\/div>\n\t\t\t\t\t\t\t\t\t\n\t\t\t\t\t\t\t\t\t\t\t\t\t\t\t\t\t\t\t<div class=\"tag tiny-body-font\">Gemeinschaftsentwicklung<\/div>\n\t\t\t\t\t\t\t\t\t\n\t\t\t\t\t\t\t\t<\/div>\n\t\t\t\t\t\t\t\t\t\t\t\t\t\t\t\t\t<div class=\"tb-card-content\">\n\t\t\t\t\t\t\t\t\t\t\t\t\t\t\t\t\t\t\t\t\t<div class=\"property\">\n\t\t\t\t\t\t\t\t\t\t\t\t\t\t\t\t<i class=\"icon fa-solid fa-graduation-cap\" aria-hidden=\"true\"><\/i>\n\t\t\t\t\t\t\t\t\t\t\t\t\t\t\t<span>Zugang zur Bildung verbessern<\/span>\n\t\t\t\t\t\t\t\t\t\t\t<\/div>\n\t\t\t\t\t\t\t\t\t\t\t\t\t\t\t\t\t\t\t\t\t<div class=\"property\">\n\t\t\t\t\t\t\t\t\t\t\t\t\t\t\t\t<i class=\"icon fa-solid fa-people-group\" aria-hidden=\"true\"><\/i>\n\t\t\t\t\t\t\t\t\t\t\t\t\t\t\t<span>Kultureller Austausch<\/span>\n\t\t\t\t\t\t\t\t\t\t\t<\/div>\n\t\t\t\t\t\t\t\t\t\t\t\t\t\t\t\t\t\t\t<\/div>\n\t\t\t\t\t\t\t\t\n\t\t\t\t\t\t\t\t\t\t<\/div>\n\t\n\n\t\t\t\t\t\t\t\t\t\t\t\t\t<a href=\"https:\/\/www.charitywater.org\/about?_gl=1*8q0kt0*_up*MQ..*_ga*MzI4NjEwMTk0LjE3NjQ2NjU2NTA.*_ga_SKG6MDYX1T*czE3NjQ2NjU2NDkkbzEkZzAkdDE3NjQ2NjU2NDkkajYwJGwwJGg5NjQxMTkzNzM.\"  target=\"_blank\" class=\"tb-card entry\">\n\t\t\t\t\t\t\t\t\t\t\t\t\t\t\t<div class=\"tb-image-part\">\n\n\t\t\t\t\t\t\t\t\t<img src='https:\/\/ugn.travelblox.eu\/wp-content\/uploads\/sites\/124\/2025\/12\/charity-water-768x1152.jpeg' width='768' height='1152' loading='lazy' image_size='medium_large'>\t\t\t\t\t\t\t\t\t\t\t\t\t\t\t\t\t\t\t<div class=\"tb-image-part__overlay\">\n\t\t\t\t\t\t\t\t\t\t\t<h3 class=\"tb-image-part__title\">\n\t\t\t\t\t\t\t\t\t\t\t\t<span>Charity: Wasser<\/span>\n\t\t\t\t\t\t\t\t\t\t\t\t\t\t\t\t\t\t\t\t\t\t\t\t\t<i class=\"icon fa-solid fa-arrow-right\"><\/i>\n\t\t\t\t\t\t\t\t\t\t\t\t\t\t\t\t\t\t\t\t\t\t\t<\/h3>\n\t\t\t\t\t\t\t\t\t\t\t\t\t\t\t\t\t\t\t\t\t<\/div>\n\t\t\t\t\t\t\t\t\t\n\t\t\t\t\t\t\t\t\t\t\t\t\t\t\t\t\t\t\t<div class=\"tag tiny-body-font\">Wassermanagement<\/div>\n\t\t\t\t\t\t\t\t\t\n\t\t\t\t\t\t\t\t<\/div>\n\t\t\t\t\t\t\t\t\t\t\t\t\t\t\t\t\t<div class=\"tb-card-content\">\n\t\t\t\t\t\t\t\t\t\t\t\t\t\t\t\t\t\t\t\t\t<div class=\"property\">\n\t\t\t\t\t\t\t\t\t\t\t\t\t\t\t\t<i class=\"icon fa-solid fa-water\" aria-hidden=\"true\"><\/i>\n\t\t\t\t\t\t\t\t\t\t\t\t\t\t\t<span>Bau einer Wasserpumpe <\/span>\n\t\t\t\t\t\t\t\t\t\t\t<\/div>\n\t\t\t\t\t\t\t\t\t\t\t\t\t\t\t\t\t\t\t\t\t<div class=\"property\">\n\t\t\t\t\t\t\t\t\t\t\t\t\t\t\t\t<i class=\"icon fa-solid fa-people-group\" aria-hidden=\"true\"><\/i>\n\t\t\t\t\t\t\t\t\t\t\t\t\t\t\t<span>250 Personen mit Trinkwasser versorgen<\/span>\n\t\t\t\t\t\t\t\t\t\t\t<\/div>\n\t\t\t\t\t\t\t\t\t\t\t\t\t\t\t\t\t\t\t<\/div>\n\t\t\t\t\t\t\t\t\n\t\t\t\t\t\t\t\t\t\t\t\t\t\t\t<\/a>\n\t\t\t\t\t\t\n\n\t\t\t\t\t\t\t\t\t\t\t\t\t<a href=\"https:\/\/www.daretodreamafrica.org\/\"  target=\"_blank\" class=\"tb-card entry\">\n\t\t\t\t\t\t\t\t\t\t\t\t\t\t\t<div class=\"tb-image-part\">\n\n\t\t\t\t\t\t\t\t\t<img src='https:\/\/ugn.travelblox.eu\/wp-content\/uploads\/sites\/124\/2025\/12\/IMG_8538cropped-768x995.jpg' width='768' height='995' loading='lazy' image_size='medium_large'>\t\t\t\t\t\t\t\t\t\t\t\t\t\t\t\t\t\t\t<div class=\"tb-image-part__overlay\">\n\t\t\t\t\t\t\t\t\t\t\t<h3 class=\"tb-image-part__title\">\n\t\t\t\t\t\t\t\t\t\t\t\t<span>Rushaga Community School<\/span>\n\t\t\t\t\t\t\t\t\t\t\t\t\t\t\t\t\t\t\t\t\t\t\t\t\t<i class=\"icon fa-solid fa-arrow-right\"><\/i>\n\t\t\t\t\t\t\t\t\t\t\t\t\t\t\t\t\t\t\t\t\t\t\t<\/h3>\n\t\t\t\t\t\t\t\t\t\t\t\t\t\t\t\t\t\t\t\t\t<\/div>\n\t\t\t\t\t\t\t\t\t\n\t\t\t\t\t\t\t\t\t\t\t\t\t\t\t\t\t\t\t<div class=\"tag tiny-body-font\">Gemeinschaftsentwicklung<\/div>\n\t\t\t\t\t\t\t\t\t\n\t\t\t\t\t\t\t\t<\/div>\n\t\t\t\t\t\t\t\t\t\t\t\t\t\t\t\t\t<div class=\"tb-card-content\">\n\t\t\t\t\t\t\t\t\t\t\t\t\t\t\t\t\t\t\t\t\t<div class=\"property\">\n\t\t\t\t\t\t\t\t\t\t\t\t\t\t\t\t<i class=\"icon fa-solid fa-graduation-cap\" aria-hidden=\"true\"><\/i>\n\t\t\t\t\t\t\t\t\t\t\t\t\t\t\t<span>Zugang zur Bildung verbessern<\/span>\n\t\t\t\t\t\t\t\t\t\t\t<\/div>\n\t\t\t\t\t\t\t\t\t\t\t\t\t\t\t\t\t\t\t\t\t<div class=\"property\">\n\t\t\t\t\t\t\t\t\t\t\t\t\t\t\t\t<i class=\"icon fa-solid fa-people-group\" aria-hidden=\"true\"><\/i>\n\t\t\t\t\t\t\t\t\t\t\t\t\t\t\t<span>Verbesserung der Lebensbedingungen<\/span>\n\t\t\t\t\t\t\t\t\t\t\t<\/div>\n\t\t\t\t\t\t\t\t\t\t\t\t\t\t\t\t\t\t\t<\/div>\n\t\t\t\t\t\t\t\t\n\t\t\t\t\t\t\t\t\t\t\t\t\t\t\t<\/a>\n\t\t\t\t\t\t\n\t\t\t\t<\/div>\n\t\t\t\t\t\t<div class=\"tb-carousel-nav\">\n\t\t\t<div class=\"dots\">\n\t\t\t\t<div class=\"dot active\"><\/div>\n\t\t\t\t<div class=\"dot\"><\/div>\n\t\t\t\t<div class=\"dot\"><\/div>\n\t\t\t<\/div>\n\t\t\t<div class=\"arrows\">\n\t\t\t\t<div class=\"prev disabled\">\n\t\t\t\t\t<span><i class=\"fa fa-chevron-left\"><\/i><\/span>\n\t\t\t\t<\/div>\n\t\t\t\t<div class=\"next\">\n\t\t\t\t\t<span><i class=\"fa fa-chevron-right\"><\/i><\/span>\n\t\t\t\t<\/div>\n\t\t\t<\/div>\n\t\t<\/div>\n\t\t\t\t<\/div>\n\t\t<\/div>\n\t<\/div>\n\n<!-- end section -->\n\n\n<\/div>\n\n\n\n\n<div class=\"tb-textimage2 tb-block align-left background-light pattern-none variant-text_first tb-collapsible-margins\" id=\"textimage2\">\n\t<div class=\"inner-block tb-fade-in\">\n\n\t\t\n\t\t<div class=\"tb-columns\">\n\t\t\t<div class=\"tb-column\">\n\t\t\t\t<div class=\"tb-text-part\">\n\t\t\t\t\t<h2>Warum Wasser entscheidend ist<\/h2>\n\t\t\t\t\t\t\t<div class=\"translation-block\"><p>Sauberes Wasser ist die Grundlage f\u00fcr alles. Durch die Butterfly Foundation konzentriert sich Uganda Nomads auf nachhaltiges Wassermanagement. Damit erzielen wir positive Auswirkungen in wichtigen Bereichen:<\/p>\n<ul data-path-to-node=\"3\">\n<li><b data-path-to-node=\"3,0,0\" data-index-in-node=\"0\">Gesundheit:<\/b>&nbsp;Sicheres Wasser stoppt die Verbreitung t\u00f6dlicher wasserbedingter Krankheiten.<\/li>\n<li><b data-path-to-node=\"3,1,0\" data-index-in-node=\"0\">Zeit &amp; Entwicklung:<\/b>&nbsp;Zugang zu Wasser bedeutet Zugang zu Zeit. Die eingesparte Zeit wird in Bildung und wirtschaftliche Entwicklung investiert.<\/li>\n<li><b data-path-to-node=\"3,2,0\" data-index-in-node=\"0\">Lebensmittelsicherheit:<\/b>&nbsp;Wasser unterst\u00fctzt die Landwirtschaft durch Bew\u00e4sserung, was die Ernteertr\u00e4ge erh\u00f6ht und die gesamte Stabilit\u00e4t der Region verbessert.<\/li>\n<\/ul><\/div>\n\t\t\t\t\t\t\t\t\t\t\t<div class=\"tb-buttons-part\">\n\t\t\t\t\t\t\t\t<a href=\"https:\/\/butterfly-foundation.org\/de\"  target=\"\" class=\"tb-button\">\n\t\t\tErfahre mehr \u00fcber die Butterfly Foundation\t\t<\/a>\n\t\t\t\t\t\t\t\t\t\t\t\t\t<\/div>\n\t\t\t\t<\/div>\n\t\t\t<\/div>\n\t\t\t<div class=\"tb-column\">\n\t\t\t\t\t\t\t\t\t\t\t\t\t\t\t<div class=\"tb-video-part\">\n\t\t\t\t\t\t\t<iframe src=\"https:\/\/iframe.mediadelivery.net\/embed\/295792\/3fadd5d0-ee19-4456-a5f9-50cb4c16fc4f?autoplay=true&#038;preload=true&#038;loop=true&#038;responsive=true&#038;muted=true\" allow=\"accelerometer;gyroscope;encrypted-media;picture-in-picture;autoplay;muted;\" allowfullscreen=\"true\" style=\"border: none;\" loading=\"lazy\"><\/iframe>\t\t\t\t\t\t<\/div>\n\t\t\t\t\t\t\t\t\t\t\t\t<\/div>\n\t\t<\/div>\n\t<\/div>\n<\/div>","protected":false},"excerpt":{"rendered":"","protected":false},"author":165,"featured_media":1445,"parent":509,"menu_order":0,"comment_status":"closed","ping_status":"closed","template":"","meta":{"_acf_changed":false,"inline_featured_image":false,"footnotes":""},"class_list":["post-1275","page","type-page","status-publish","has-post-thumbnail","hentry"],"acf":{"page_package_ids":"UGN-UGA","is_main_package_page":false,"additional_linked_packages":[],"feed_page_to_atlas":true},"_links":{"self":[{"href":"https:\/\/ugn.travelblox.eu\/de\/wp-json\/wp\/v2\/pages\/1275","targetHints":{"allow":["GET"]}}],"collection":[{"href":"https:\/\/ugn.travelblox.eu\/de\/wp-json\/wp\/v2\/pages"}],"about":[{"href":"https:\/\/ugn.travelblox.eu\/de\/wp-json\/wp\/v2\/types\/page"}],"author":[{"embeddable":true,"href":"https:\/\/ugn.travelblox.eu\/de\/wp-json\/wp\/v2\/users\/165"}],"replies":[{"embeddable":true,"href":"https:\/\/ugn.travelblox.eu\/de\/wp-json\/wp\/v2\/comments?post=1275"}],"version-history":[{"count":39,"href":"https:\/\/ugn.travelblox.eu\/de\/wp-json\/wp\/v2\/pages\/1275\/revisions"}],"predecessor-version":[{"id":1980,"href":"https:\/\/ugn.travelblox.eu\/de\/wp-json\/wp\/v2\/pages\/1275\/revisions\/1980"}],"up":[{"embeddable":true,"href":"https:\/\/ugn.travelblox.eu\/de\/wp-json\/wp\/v2\/pages\/509"}],"wp:featuredmedia":[{"embeddable":true,"href":"https:\/\/ugn.travelblox.eu\/de\/wp-json\/wp\/v2\/media\/1445"}],"wp:attachment":[{"href":"https:\/\/ugn.travelblox.eu\/de\/wp-json\/wp\/v2\/media?parent=1275"}],"curies":[{"name":"wp","href":"https:\/\/api.w.org\/{rel}","templated":true}]}}