{"id":962,"date":"2025-10-06T10:29:02","date_gmt":"2025-10-06T10:29:02","guid":{"rendered":"https:\/\/ugn.travelblox.eu\/?page_id=962"},"modified":"2026-04-01T09:13:58","modified_gmt":"2026-04-01T09:13:58","slug":"about-us","status":"publish","type":"page","link":"https:\/\/ugn.travelblox.eu\/de\/about-us\/","title":{"rendered":"\u00dcber uns"},"content":{"rendered":"<div class=\"tb-header tb-block align-center background-dark pattern-none variant-none\" id=\"header\" data-fallback-background=\"https:\/\/ugn.travelblox.eu\/wp-content\/uploads\/sites\/124\/2025\/09\/DSCF7043-Gemiddeld.jpg\" style=\"background-image: url('https:\/\/ugn.travelblox.eu\/wp-content\/uploads\/sites\/124\/2025\/09\/DSCF7043-Gemiddeld.jpg'); background-position:50% 50%;\">\n    <div class=\"tb-header-foreground\">\n        <div class=\"inner-block\">\n\n            <div class=\"main-part\">\n                <div class=\"text-part\">\n                                                                                            <h1>\t<span class=\"tb-logo\"  style=\"-webkit-mask-image: url(https:\/\/ugn.travelblox.eu\/wp-content\/uploads\/sites\/124\/2025\/01\/round-white.svg); mask-image: url(https:\/\/ugn.travelblox.eu\/wp-content\/uploads\/sites\/124\/2025\/01\/round-white.svg)\">\n\t\t<img src='https:\/\/ugn.travelblox.eu\/wp-content\/uploads\/sites\/124\/2025\/01\/round-white.svg' width='1024' height='1024' alt='Uganda Nomads Logo' title='Uganda Nomads' loading='lazy'>\n\t<\/span>\n<\/h1>\n                                                                                        <h2 class=\"tb-subtitle\">\t\t<div class=\"translation-block\"><p>Das Team und die Geschichte hinter Uganda Nomads<\/p><\/div>\n\t<\/h2>\n                                                                                                                                            <\/div>\n            <\/div>\n            \n                    <\/div>\n    <\/div>\n\n    \n    \n<\/div>\n\n\n<div class=\"tb-team tb-block align-center background-light pattern-none variant-none tb-collapsible-margins\" id=\"team\">\n\t<div class=\"inner-block tb-fade-in tb-fade-in--subtle\">\n\t\t<div class=\"text-part\">\n\t\t\t<h2>\u00dcber uns<\/h2>\n\t\t\t\t\t<div class=\"translation-block\"><p>Bei <strong>Uganda Nomads<\/strong> dreht sich alles um Abenteuer und die Faszination des Unbekannten. Uganda zu erleben hat etwas Magisches. Die Natur ist unber\u00fchrt, jeder Horizont wirkt neu und das Leben folgt einem langsameren Tempo, das sich genau richtig anf\u00fchlt.<\/p><p>Wir sind \u00fcberzeugt, dass die \u201ePerle Afrikas\u201c am besten mit offenem Geist und echter Neugier entdeckt wird. Ob du \u00fcber holprige Nebenstra\u00dfen f\u00e4hrst, versteckte D\u00f6rfer erkundest oder eine kleine Panne einfach als Teil des Abenteuers annimmst, unterwegs begegnest du der Sch\u00f6nheit der Einfachheit und der warmen Herzlichkeit der Menschen vor Ort.<\/p><p>Von den weiten Ebenen rund um die Murchison-F\u00e4lle \u00fcber die ruhigen Ufer des Lake Bunyonyi bis hin zu einem frisch zubereiteten Rolex an einer lebhaften Stra\u00dfe in Hoima ist Uganda voller \u00dcberraschungen. Gemeinsam mit unserem lokalen Team in Uganda sind wir da, um sie mit dir erlebbar zu machen.<\/p><\/div>\n\t\t\t<\/div>\n\t<\/div>\n\t\t\t\t\t<div class=\"inner-block-full-width has-tb-carousel\" >\n\t\t\t<div class=\"tb-carousel-container\">\n\t\t\t\t<div class=\"entries tb-cards\" data-slider-first=\"1\">\n\t\t\t\t\t\t\t\t\t<div class=\"tb-card entry\" style=\"background-image: url('https:\/\/ugn.travelblox.eu\/wp-content\/uploads\/sites\/124\/2025\/01\/ansita-1-e1738052179449-883x1024.jpg')\">\n\t\t\t\t<label for=\"tb-team-read-more-block_s124__p962__team-0\" class=\"tb-team__card-label\">\n\t\t\t\t\t<div class=\"overlay\"><\/div>\n\t\t\t\t\t<div class=\"overlay overlay--extra\"><\/div>\n\t\t\t\t\t<div class=\"content\">\n\t\t\t\t\t\t<div class=\"tb-team__card-titles\">\n\t\t\t\t\t\t\t<h3>Ansita<\/h3>\n\t\t\t\t\t\t\t\t\t\t\t\t\t\t\t<p>Verantwortlich f\u00fcr die Organisation<\/p>\n\t\t\t\t\t\t\t\t\t\t\t\t\t<\/div>\n\t\t\t\t\t\t\t\t\t\t\t<\/div>\n\t\t\t\t\t<input type=\"checkbox\" class=\"tb-team__card-checkbox\" id=\"tb-team-read-more-block_s124__p962__team-0\">\n\t\t\t\t<\/label>\n\t\t\t<\/div>\n\t\t\t\t\t<div class=\"tb-card entry\" style=\"background-image: url('https:\/\/ugn.travelblox.eu\/wp-content\/uploads\/sites\/124\/2025\/08\/Chloe-Uganda-Nomads-e1756281260258.jpg')\">\n\t\t\t\t<label for=\"tb-team-read-more-block_s124__p962__team-1\" class=\"tb-team__card-label\">\n\t\t\t\t\t<div class=\"overlay\"><\/div>\n\t\t\t\t\t<div class=\"overlay overlay--extra\"><\/div>\n\t\t\t\t\t<div class=\"content\">\n\t\t\t\t\t\t<div class=\"tb-team__card-titles\">\n\t\t\t\t\t\t\t<h3>Chlo\u00e9<\/h3>\n\t\t\t\t\t\t\t\t\t\t\t\t\t\t\t<p>K\u00fcmmert sich um die Kommunikation<\/p>\n\t\t\t\t\t\t\t\t\t\t\t\t\t<\/div>\n\t\t\t\t\t\t\t\t\t\t\t<\/div>\n\t\t\t\t\t<input type=\"checkbox\" class=\"tb-team__card-checkbox\" id=\"tb-team-read-more-block_s124__p962__team-1\">\n\t\t\t\t<\/label>\n\t\t\t<\/div>\n\t\t\t\t\t<div class=\"tb-card entry\" style=\"background-image: url('https:\/\/ugn.travelblox.eu\/wp-content\/uploads\/sites\/124\/2025\/11\/82d0a89e-695d-4eee-811e-3b6eb704a3fd-e1763117623348-1024x1020.jpg')\">\n\t\t\t\t<label for=\"tb-team-read-more-block_s124__p962__team-2\" class=\"tb-team__card-label\">\n\t\t\t\t\t<div class=\"overlay\"><\/div>\n\t\t\t\t\t<div class=\"overlay overlay--extra\"><\/div>\n\t\t\t\t\t<div class=\"content\">\n\t\t\t\t\t\t<div class=\"tb-team__card-titles\">\n\t\t\t\t\t\t\t<h3>Pip<\/h3>\n\t\t\t\t\t\t\t\t\t\t\t\t\t\t\t<p>Hier, um all deine Fragen zu beantworten<\/p>\n\t\t\t\t\t\t\t\t\t\t\t\t\t<\/div>\n\t\t\t\t\t\t\t\t\t\t\t<\/div>\n\t\t\t\t\t<input type=\"checkbox\" class=\"tb-team__card-checkbox\" id=\"tb-team-read-more-block_s124__p962__team-2\">\n\t\t\t\t<\/label>\n\t\t\t<\/div>\n\t\t\t\t\t<div class=\"tb-card entry\" style=\"background-image: url('https:\/\/ugn.travelblox.eu\/wp-content\/uploads\/sites\/124\/2025\/12\/IMG_7945-768x1024.jpg')\">\n\t\t\t\t<label for=\"tb-team-read-more-block_s124__p962__team-3\" class=\"tb-team__card-label\">\n\t\t\t\t\t<div class=\"overlay\"><\/div>\n\t\t\t\t\t<div class=\"overlay overlay--extra\"><\/div>\n\t\t\t\t\t<div class=\"content\">\n\t\t\t\t\t\t<div class=\"tb-team__card-titles\">\n\t\t\t\t\t\t\t<h3>Moses<\/h3>\n\t\t\t\t\t\t\t\t\t\t\t\t\t\t\t<p>Unser lokaler Held in Uganda<\/p>\n\t\t\t\t\t\t\t\t\t\t\t\t\t<\/div>\n\t\t\t\t\t\t\t\t\t\t\t<\/div>\n\t\t\t\t\t<input type=\"checkbox\" class=\"tb-team__card-checkbox\" id=\"tb-team-read-more-block_s124__p962__team-3\">\n\t\t\t\t<\/label>\n\t\t\t<\/div>\n\t\t\t\t\t\t\t\t<\/div>\n\t\t\t\t\t\t<div class=\"tb-carousel-nav\">\n\t\t\t<div class=\"dots\">\n\t\t\t\t<div class=\"dot active\"><\/div>\n\t\t\t\t<div class=\"dot\"><\/div>\n\t\t\t\t<div class=\"dot\"><\/div>\n\t\t\t<\/div>\n\t\t\t<div class=\"arrows\">\n\t\t\t\t<div class=\"prev disabled\">\n\t\t\t\t\t<span><i class=\"fa fa-chevron-left\"><\/i><\/span>\n\t\t\t\t<\/div>\n\t\t\t\t<div class=\"next\">\n\t\t\t\t\t<span><i class=\"fa fa-chevron-right\"><\/i><\/span>\n\t\t\t\t<\/div>\n\t\t\t<\/div>\n\t\t<\/div>\n\t\t\t\t<\/div>\n\t\t<\/div>\n\t\t\t\t\t<div class=\"tb-team__extra inner-block tb-fade-in tb-fade-in--subtle\">\n\t\t\t<div class=\"text-part\">\n\t\t\t\t<h3>Hast du Fragen zu deiner Reise?<\/h3>\n\t\t\t\t\t\t<div class=\"translation-block\"><p>Z\u00f6gere nicht, uns <a href=\"https:\/\/ugandanomads.com\/de\/contact\/\" target=\"_blank\">zu kontaktieren<\/a>, wir helfen dir gerne weiter<\/p><\/div>\n\t\t\t\t\t<div class=\"tb-buttons-part\">\n\t\t\t\t\t\t\t\t\t<\/div>\n\t\t\t<\/div>\n\t\t<\/div>\n\t<\/div>\n\n\n\n\n<div class=\"tb-colcompare tb-block align-center background-light pattern-none variant-cards tb-collapsible-margins\" id=\"why\">\n\t<div class=\"inner-block tb-fade-in tb-fade-in--subtle\">\n\t\t<div class=\"text-part\">\n\t\t\t<h2>Warum mit Uganda Nomads reisen?<\/h2>\n\t\t\t\t\t<div class=\"translation-block\"><\/div>\n\t\t\t<\/div>\n\t<\/div>\n\t\t\t\t\t<div class=\"inner-block-full-width has-tb-carousel tb-justified\" >\n\t\t\t<div class=\"tb-carousel-container\">\n\t\t\t\t<div class=\"entries tb-cards\" data-slider-first=\"1\">\n\t\t\t\t\t\t\t\t\t<div class=\"tb-card entry tb-fade-in tb-fade-in--subtle\">\n\t\t\t\t<div class=\"tb-image-part\">\n\t\t\t\t\t<img src='https:\/\/ugn.travelblox.eu\/wp-content\/uploads\/sites\/124\/2025\/02\/b03e40e2-c809-41da-b9a9-525ba5d86453-768x1153.jpg' width='768' height='1153' alt='Stra\u00dfe in Uganda' loading='lazy' image_size='medium_large'>\t\t\t\t<\/div>\n\t\t\t\t<div class=\"tb-card-content text-part\">\n\t\t\t\t\t<h5> Ein sorgf\u00e4ltig organisierter Reiseplan<\/h5>\n\t\t\t\t\t\t\t<div class=\"translation-block\"><p>Wir k\u00fcmmern uns um alles hinter den Kulissen: die Route, Unterk\u00fcnfte, Materialien, Unterst\u00fctzung und zus\u00e4tzliche optionale Aktivit\u00e4ten (wie Gorilla-Trekking). So musst du dir w\u00e4hrend deiner Reise keine Sorgen um irgendetwas machen!<\/p><\/div>\n\t\t\t\t\t\t<div class=\"tb-buttons-part\">\n\t\t\t\t\t\t\t\t\t\t\t<\/div>\n\t\t\t\t<\/div>\n\t\t\t<\/div>\n\t\t\t\t\t<div class=\"tb-card entry tb-fade-in tb-fade-in--subtle\">\n\t\t\t\t<div class=\"tb-image-part\">\n\t\t\t\t\t<img src='https:\/\/ugn.travelblox.eu\/wp-content\/uploads\/sites\/124\/2025\/02\/Oeganda-web-043-768x512.jpg' width='768' height='512' alt='Menschen, die die Aussicht genie\u00dfen' style='object-position:50% 50%' loading='lazy' image_size='medium_large'>\t\t\t\t<\/div>\n\t\t\t\t<div class=\"tb-card-content text-part\">\n\t\t\t\t\t<h5> Ein ausgezeichnetes Preis-Leistungs-Verh\u00e4ltnis<\/h5>\n\t\t\t\t\t\t\t<div class=\"translation-block\"><p>Abenteuer ist f\u00fcr alle! Wir halten die Kosten niedrig, indem wir unsere Reisen von Anfang bis Ende komplett intern gestalten. So k\u00f6nnen wir ein authentisches Erlebnis ohne versteckte Kosten garantieren.<\/p><\/div>\n\t\t\t\t\t\t<div class=\"tb-buttons-part\">\n\t\t\t\t\t\t\t\t\t\t\t<\/div>\n\t\t\t\t<\/div>\n\t\t\t<\/div>\n\t\t\t\t\t<div class=\"tb-card entry tb-fade-in tb-fade-in--subtle\">\n\t\t\t\t<div class=\"tb-image-part\">\n\t\t\t\t\t<img src='https:\/\/ugn.travelblox.eu\/wp-content\/uploads\/sites\/124\/2025\/02\/Oeganda-web-097-768x512.jpg' width='768' height='512' alt='Kinder unterwegs' loading='lazy' image_size='medium_large'>\t\t\t\t<\/div>\n\t\t\t\t<div class=\"tb-card-content text-part\">\n\t\t\t\t\t<h5> Verantwortungsbewusster Tourismus<\/h5>\n\t\t\t\t\t\t\t<div class=\"translation-block\"><p>Reisen mit Travelbase Nomads bedeutet auch, verantwortungsbewusst zu reisen. Wir setzen uns f\u00fcr Nachhaltigkeit ein und arbeiten eng mit lokalen Gemeinschaften zusammen. Schau dir unsere <a href=\"https:\/\/ugandanomads.com\/de\/home\/impact-page\/\">Impact-Seite<\/a> an, um mehr zu erfahren.<\/p><\/div>\n\t\t\t\t\t\t<div class=\"tb-buttons-part\">\n\t\t\t\t\t\t\t\t\t\t\t<\/div>\n\t\t\t\t<\/div>\n\t\t\t<\/div>\n\t\t\t\t\t<div class=\"tb-card entry tb-fade-in tb-fade-in--subtle\">\n\t\t\t\t<div class=\"tb-image-part\">\n\t\t\t\t\t<img src='https:\/\/ugn.travelblox.eu\/wp-content\/uploads\/sites\/124\/2025\/02\/Oeganda-web-146.jpg' width='580' height='870' alt='Ein Einheimischer in Uganda l\u00e4chelt.' style='object-position:50% 50%' loading='lazy' image_size='medium_large'>\t\t\t\t<\/div>\n\t\t\t\t<div class=\"tb-card-content text-part\">\n\t\t\t\t\t<h5> Ein lokales Team vor Ort, das bereit ist zu helfen<\/h5>\n\t\t\t\t\t\t\t<div class=\"translation-block\"><p>Wir organisieren eine sorgenfreie und unvergessliche Roadtrip f\u00fcr dich. Unser lokales Team steht dir jederzeit zur Verf\u00fcgung, um zu helfen und Tipps zu geben, damit dein Abenteuer reibungslos verl\u00e4uft. Unabh\u00e4ngiges Reisen, mit Unterst\u00fctzung direkt zur Hand.<\/p><\/div>\n\t\t\t\t\t\t<div class=\"tb-buttons-part\">\n\t\t\t\t\t\t\t\t\t\t\t<\/div>\n\t\t\t\t<\/div>\n\t\t\t<\/div>\n\t\t\t\t\t\t\t\t<\/div>\n\t\t\t\t\t\t<div class=\"tb-carousel-nav\">\n\t\t\t<div class=\"dots\">\n\t\t\t\t<div class=\"dot active\"><\/div>\n\t\t\t\t<div class=\"dot\"><\/div>\n\t\t\t\t<div class=\"dot\"><\/div>\n\t\t\t<\/div>\n\t\t\t<div class=\"arrows\">\n\t\t\t\t<div class=\"prev disabled\">\n\t\t\t\t\t<span><i class=\"fa fa-chevron-left\"><\/i><\/span>\n\t\t\t\t<\/div>\n\t\t\t\t<div class=\"next\">\n\t\t\t\t\t<span><i class=\"fa fa-chevron-right\"><\/i><\/span>\n\t\t\t\t<\/div>\n\t\t\t<\/div>\n\t\t<\/div>\n\t\t\t\t<\/div>\n\t\t<\/div>\n\t\t\t<\/div>\n\n\n\n<div class=\"tb-textimage1 tb-block align-center background-light pattern-none variant-none tb-collapsible-margins\" id=\"textimage1-1\">\n\t<div class=\"inner-block tb-fade-in tb-fade-in--subtle\">\n\n\t\t\n\t\t<div class=\"text-part\">\n\t\t\t<h2>Uganda Nomads, ein Konzept von Travelbase<\/h2>\n\t\t\t\t\t<div class=\"translation-block\"><p>Uganda Nomads ist ein Reise-Konzept von <a href=\"http:\/\/travelbase.de\">Travelbase<\/a>, einem schnell wachsenden Unternehmen in der Reisebranche. Seit 2010 schaffen wir unvergessliche Abenteuer an einigen der sch\u00f6nsten Orte der Welt.<\/p><p>Bei Travelbase glauben wir, dass die Reise wichtiger ist als das Ziel. Unser Ziel ist es, dich aus deiner Komfortzone zu holen, deine Grenzen zu erweitern und dir zu helfen, dich wieder mit der Natur und den Menschen um dich herum zu verbinden.<\/p><\/div>\n\t\t\t<\/div>\n\t<\/div>\n\t<div class=\"inner-block\">\n\t\t\t\t\t\t\t\t\t<div class=\"tb-video-part\">\n\t\t\t\t\t<iframe src=\"https:\/\/iframe.mediadelivery.net\/embed\/295792\/7a5e5c1c-dce1-4bfc-8068-8b33f27934e6?autoplay=true&#038;preload=true&#038;loop=true&#038;responsive=true&#038;muted=true\" allow=\"accelerometer;gyroscope;encrypted-media;picture-in-picture;autoplay;muted;\" allowfullscreen=\"true\" style=\"border: none;\" loading=\"lazy\"><\/iframe>\t\t\t\t<\/div>\n\t\t\t\t\t\t<\/div>\n\t<div class=\"inner-block tb-fade-in tb-fade-in--subtle\">\n\t\t<div class=\"text-part\">\n\t\t\t\t\t<div class=\"translation-block\"><\/div>\n\t\t\t\t<div class=\"tb-buttons-part\">\n\t\t\t\t\t\t\t\t\t\t\t<\/div>\n\t\t<\/div>\n\t<\/div>\n<\/div>","protected":false},"excerpt":{"rendered":"","protected":false},"author":46,"featured_media":168,"parent":0,"menu_order":0,"comment_status":"closed","ping_status":"closed","template":"","meta":{"_acf_changed":false,"inline_featured_image":false,"footnotes":""},"class_list":["post-962","page","type-page","status-publish","has-post-thumbnail","hentry"],"acf":{"page_package_ids":"","is_main_package_page":false,"additional_linked_packages":[],"feed_page_to_atlas":false},"_links":{"self":[{"href":"https:\/\/ugn.travelblox.eu\/de\/wp-json\/wp\/v2\/pages\/962","targetHints":{"allow":["GET"]}}],"collection":[{"href":"https:\/\/ugn.travelblox.eu\/de\/wp-json\/wp\/v2\/pages"}],"about":[{"href":"https:\/\/ugn.travelblox.eu\/de\/wp-json\/wp\/v2\/types\/page"}],"author":[{"embeddable":true,"href":"https:\/\/ugn.travelblox.eu\/de\/wp-json\/wp\/v2\/users\/46"}],"replies":[{"embeddable":true,"href":"https:\/\/ugn.travelblox.eu\/de\/wp-json\/wp\/v2\/comments?post=962"}],"version-history":[{"count":21,"href":"https:\/\/ugn.travelblox.eu\/de\/wp-json\/wp\/v2\/pages\/962\/revisions"}],"predecessor-version":[{"id":1968,"href":"https:\/\/ugn.travelblox.eu\/de\/wp-json\/wp\/v2\/pages\/962\/revisions\/1968"}],"wp:featuredmedia":[{"embeddable":true,"href":"https:\/\/ugn.travelblox.eu\/de\/wp-json\/wp\/v2\/media\/168"}],"wp:attachment":[{"href":"https:\/\/ugn.travelblox.eu\/de\/wp-json\/wp\/v2\/media?parent=962"}],"curies":[{"name":"wp","href":"https:\/\/api.w.org\/{rel}","templated":true}]}}