{"id":1275,"date":"2025-12-09T14:32:00","date_gmt":"2025-12-09T14:32:00","guid":{"rendered":"https:\/\/ugn.travelblox.eu\/?page_id=1275"},"modified":"2026-04-09T07:32:25","modified_gmt":"2026-04-09T07:32:25","slug":"impact-page","status":"publish","type":"page","link":"https:\/\/ugn.travelblox.eu\/fr\/home\/impact-page\/","title":{"rendered":"Page d'impact"},"content":{"rendered":"<div class=\"tb-header tb-block align-center background-dark pattern-none variant-none\" id=\"header\" data-fallback-background=\"https:\/\/ugn.travelblox.eu\/wp-content\/uploads\/sites\/124\/2025\/12\/WAUGA25_NickRosmolen_LR-354-1.jpg\" style=\"background-image: url('https:\/\/ugn.travelblox.eu\/wp-content\/uploads\/sites\/124\/2025\/12\/WAUGA25_NickRosmolen_LR-354-1.jpg'); background-position:;\">\n    <div class=\"tb-header-foreground\">\n        <div class=\"inner-block\">\n\n            <div class=\"main-part\">\n                <div class=\"text-part\">\n                                                                                            <h1>\t<span class=\"tb-logo\"  style=\"-webkit-mask-image: url(https:\/\/ugn.travelblox.eu\/wp-content\/uploads\/sites\/124\/2025\/07\/round-white.svg); mask-image: url(https:\/\/ugn.travelblox.eu\/wp-content\/uploads\/sites\/124\/2025\/07\/round-white.svg)\">\n\t\t<img src='https:\/\/ugn.travelblox.eu\/wp-content\/uploads\/sites\/124\/2025\/07\/round-white.svg' width='1024' height='1024' alt='Uganda Nomads logo' title='Uganda Nomads' loading='lazy'>\n\t<\/span>\n<\/h1>\n                                                                                        <h2 class=\"tb-subtitle\">\t\t<div class=\"translation-block\"><p>Parce que nous croyons que votre voyage en Ouganda peut aussi contribuer \u00e0 un monde meilleur<\/p><\/div>\n\t<\/h2>\n                                                                                                                                <div class=\"tb-buttons-part\">\n                                                            \t\t<a href=\"https:\/\/ugandanomads.com\/en\/home\/impact-page\/#onzeimpact\"  target=\"\" class=\"tb-button\">\n\t\t\tNotre impact\t\t<\/a>\n\t\t                                                                                <\/div>\n                                                        <\/div>\n            <\/div>\n            \t\t<a href=\"#\" class=\"scroll-down-button\">\n\t\t\t<i class=\"fa fa-arrow-down\"><\/i>\n\t\t<\/a>\n\t\n                    <\/div>\n    <\/div>\n\n    \n    \n<\/div>\n\n\n<div class=\"tb-textimage2 tb-block align-left background-light pattern-none variant-text_first tb-collapsible-margins\" id=\"onzeimpact\">\n\t<div class=\"inner-block tb-fade-in\">\n\n\t\t\n\t\t<div class=\"tb-columns\">\n\t\t\t<div class=\"tb-column\">\n\t\t\t\t<div class=\"tb-text-part\">\n\t\t\t\t\t<h2>Plus que de simples voyages<\/h2>\n\t\t\t\t\t\t\t<div class=\"translation-block\"><p>Chez Uganda Nomads, nous croyons que le <strong>voyage<\/strong> peut \u00eatre <strong>vecteur<\/strong> <strong>de changements positifs<\/strong>. Notre mission est de vous faire d\u00e9couvrir les merveilles de la \u00ab Perle de l\u2019Afrique \u00bb, tout en veillant \u00e0 ce que votre voyage laisse une <strong>empreinte concr\u00e8te et positive<\/strong> sur le pays, la nature et les communaut\u00e9s locales.<\/p><p>En r\u00e9servant avec <strong>Uganda Nomads<\/strong>, vous contribuez directement \u00e0 :<\/p><ul><li><strong>l\u2019\u00e9conomie locale<\/strong> : en collaborant avec de petits entrepreneurs ougandais, l\u2019argent reste en Ouganda<\/li><li><strong>des projets communautaires<\/strong> : nous soutenons des initiatives \u00e0 taille humaine, centr\u00e9es sur les personnes<\/li><li><strong>une gestion durable de l\u2019eau<\/strong>, via la Butterfly Foundation<\/li><\/ul><\/div>\n\t\t\t\t\t\t\t\t\t\t\t<div class=\"tb-buttons-part\">\n\t\t\t\t\t\t\t\t<a href=\"https:\/\/ugandanomads.com\/en\/home\/impact-page\/#projects\"  target=\"\" class=\"tb-button\">\n\t\t\tNos projets\t\t<\/a>\n\t\t\t\t\t\t\t\t\t\t<a href=\"https:\/\/butterfly-foundation.org\/en\/?_gl=1*1x2cg3s*_up*MQ..*_ga*MTU3MjY0ODU2LjE3NjQ2Njc4OTA.*_ga_MNM1Z0RZ2L*czE3NjQ2Njc4ODkkbzEkZzAkdDE3NjQ2Njc4ODkkajYwJGwwJGgxOTk2MDg4NDg5\"  target=\"_blank\" class=\"tb-buttonlink\">\n\t\t\t\u00c0 propos de la Butterfly Foundation\t\t<\/a>\n\t\t\t\t\t\t\t<\/div>\n\t\t\t\t<\/div>\n\t\t\t<\/div>\n\t\t\t<div class=\"tb-column\">\n\t\t\t\t\t\t\t\t\t\t\t\t\t\t\t<div class=\"tb-image-part\">\n\t\t\t\t\t\t\t\t\t\t\t<div class=\"inner-block-full-width has-tb-carousel tb-carousel-slider\" >\n\t\t\t<div class=\"tb-carousel-container\">\n\t\t\t\t<div class=\"entries tb-cards\" data-slider-first=\"0\">\n\t\t\t\t\t\t\t\t\t<div class=\"entry\">\n\t\t\t\t<div class=\"tb-image-part\">\n\t\t\t\t\t<figure>\n\t\t\t\t\t\t<img src='https:\/\/ugn.travelblox.eu\/wp-content\/uploads\/sites\/124\/2025\/12\/ansita-moses-768x576.jpg' width='768' height='576' loading='lazy' image_size='medium_large'>\t\t\t\t\t\t\t\t\t\t\t\t\t\t\t\t\t\t\t\t\t\t\t\t\t\t\t\t\t\t\t<\/figure>\n\t\t\t\t<\/div>\n\t\t\t<\/div>\n\t\t\t\t\t<div class=\"entry\">\n\t\t\t\t<div class=\"tb-image-part\">\n\t\t\t\t\t<figure>\n\t\t\t\t\t\t<img src='https:\/\/ugn.travelblox.eu\/wp-content\/uploads\/sites\/124\/2025\/12\/IMG_5111-768x1024.jpg' width='768' height='1024' loading='lazy' image_size='medium_large'>\t\t\t\t\t\t\t\t\t\t\t\t\t\t\t\t\t\t\t\t\t\t\t\t\t\t\t\t\t\t\t<\/figure>\n\t\t\t\t<\/div>\n\t\t\t<\/div>\n\t\t\t\t\t<div class=\"entry\">\n\t\t\t\t<div class=\"tb-image-part\">\n\t\t\t\t\t<figure>\n\t\t\t\t\t\t<img src='https:\/\/ugn.travelblox.eu\/wp-content\/uploads\/sites\/124\/2025\/12\/ansita-moses1.jpg' width='643' height='857' loading='lazy' image_size='medium_large'>\t\t\t\t\t\t\t\t\t\t\t\t\t\t\t\t\t\t\t\t\t\t\t\t\t\t\t\t\t\t\t<\/figure>\n\t\t\t\t<\/div>\n\t\t\t<\/div>\n\t\t\t\t\t<div class=\"entry\">\n\t\t\t\t<div class=\"tb-image-part\">\n\t\t\t\t\t<figure>\n\t\t\t\t\t\t<img src='https:\/\/ugn.travelblox.eu\/wp-content\/uploads\/sites\/124\/2025\/12\/IMG_8428-768x512.jpg' width='768' height='512' loading='lazy' image_size='medium_large'>\t\t\t\t\t\t\t\t\t\t\t\t\t\t\t\t\t\t\t\t\t\t\t\t\t\t\t\t\t\t\t<\/figure>\n\t\t\t\t<\/div>\n\t\t\t<\/div>\n\t\t\t\t\t<div class=\"entry\">\n\t\t\t\t<div class=\"tb-image-part\">\n\t\t\t\t\t<figure>\n\t\t\t\t\t\t<img src='https:\/\/ugn.travelblox.eu\/wp-content\/uploads\/sites\/124\/2025\/12\/charity-water-dropped-768x594.jpg' width='768' height='594' loading='lazy' image_size='medium_large'>\t\t\t\t\t\t\t\t\t\t\t\t\t\t\t\t\t\t\t\t\t\t\t\t\t\t\t\t\t\t\t<\/figure>\n\t\t\t\t<\/div>\n\t\t\t<\/div>\n\t\t\t\t\t\t\t\t<\/div>\n\t\t\t\t\t\t<div class=\"tb-carousel-nav\">\n\t\t\t<div class=\"dots\">\n\t\t\t\t<div class=\"dot active\"><\/div>\n\t\t\t\t<div class=\"dot\"><\/div>\n\t\t\t\t<div class=\"dot\"><\/div>\n\t\t\t<\/div>\n\t\t\t<div class=\"arrows\">\n\t\t\t\t<div class=\"prev disabled\">\n\t\t\t\t\t<span><i class=\"fa fa-chevron-left\"><\/i><\/span>\n\t\t\t\t<\/div>\n\t\t\t\t<div class=\"next\">\n\t\t\t\t\t<span><i class=\"fa fa-chevron-right\"><\/i><\/span>\n\t\t\t\t<\/div>\n\t\t\t<\/div>\n\t\t<\/div>\n\t\t\t\t<\/div>\n\t\t<\/div>\n\t\t\t\t\t\t\t\t<\/div>\n\t\t\t\t\t\t\t\t\t\t\t\t<\/div>\n\t\t<\/div>\n\t<\/div>\n<\/div>\n\n\n<div class=\"tb-destinations tb-block align-center background-dark pattern-none variant-none tb-collapsible-margins\" id=\"projects\">\n\t<div class=\"inner-block tb-fade-in tb-fade-in--subtle\">\n\t\t<div class=\"text-part\">\n\t\t\t<h2>Les projets que nous soutenons<\/h2>\n\t\t\t\t\t<div class=\"translation-block\"><\/div>\n\t\t\t\t\t\t<\/div>\n\t<\/div>\n\n\t<!-- sections -->\n\n\t\t\t<div class=\"tb-sections tb-fade-in tb-fade-in--subtle\">\n\t\t\t\t\t\t\t\t\t\t\t\t\t\t<div class=\"inner-block-full-width has-tb-carousel tb-section\" id=\"projects-section-0\">\n\t\t\t<div class=\"tb-carousel-container\">\n\t\t\t\t<div class=\"entries tb-cards\" data-slider-first=\"1\">\n\t\t\t\t\t\t\t\t\t\n\t\t\t\t\t\t\t\t\t\t\t\t\t<a href=\"https:\/\/bff.travelblox.eu\/en\/partners\/join-for-water\/\"  target=\"\" class=\"tb-card entry\">\n\t\t\t\t\t\t\t\t\t\t\t\t\t\t\t<div class=\"tb-image-part\">\n\n\t\t\t\t\t\t\t\t\t<img src='https:\/\/ugn.travelblox.eu\/wp-content\/uploads\/sites\/124\/2025\/12\/join-for-water-cropped-768x515.jpg' width='768' height='515' loading='lazy' image_size='medium_large'>\t\t\t\t\t\t\t\t\t\t\t\t\t\t\t\t\t\t\t<div class=\"tb-image-part__overlay\">\n\t\t\t\t\t\t\t\t\t\t\t<h3 class=\"tb-image-part__title\">\n\t\t\t\t\t\t\t\t\t\t\t\t<span>Rejoignez For Water<\/span>\n\t\t\t\t\t\t\t\t\t\t\t\t\t\t\t\t\t\t\t\t\t\t\t\t\t<i class=\"icon fa-solid fa-arrow-right\"><\/i>\n\t\t\t\t\t\t\t\t\t\t\t\t\t\t\t\t\t\t\t\t\t\t\t<\/h3>\n\t\t\t\t\t\t\t\t\t\t\t\t\t\t\t\t\t\t\t\t\t<\/div>\n\t\t\t\t\t\t\t\t\t\n\t\t\t\t\t\t\t\t\t\t\t\t\t\t\t\t\t\t\t<div class=\"tag tiny-body-font\">Gestion de l'eau<\/div>\n\t\t\t\t\t\t\t\t\t\n\t\t\t\t\t\t\t\t<\/div>\n\t\t\t\t\t\t\t\t\t\t\t\t\t\t\t\t\t<div class=\"tb-card-content\">\n\t\t\t\t\t\t\t\t\t\t\t\t\t\t\t\t\t\t\t\t\t<div class=\"property\">\n\t\t\t\t\t\t\t\t\t\t\t\t\t\t\t\t<i class=\"icon fa-solid fa-shower\" aria-hidden=\"true\"><\/i>\n\t\t\t\t\t\t\t\t\t\t\t\t\t\t\t<span>Construction de toilettes \u00e9cologiques &#038; tour d'irrigation<\/span>\n\t\t\t\t\t\t\t\t\t\t\t<\/div>\n\t\t\t\t\t\t\t\t\t\t\t\t\t\t\t\t\t\t\t\t\t<div class=\"property\">\n\t\t\t\t\t\t\t\t\t\t\t\t\t\t\t\t<i class=\"icon fa-solid fa-people-group\" aria-hidden=\"true\"><\/i>\n\t\t\t\t\t\t\t\t\t\t\t\t\t\t\t<span>Fournir de l'eau potable et de l'eau pour l'agriculture \u00e0 3 754 personnes.<\/span>\n\t\t\t\t\t\t\t\t\t\t\t<\/div>\n\t\t\t\t\t\t\t\t\t\t\t\t\t\t\t\t\t\t\t<\/div>\n\t\t\t\t\t\t\t\t\n\t\t\t\t\t\t\t\t\t\t\t\t\t\t\t<\/a>\n\t\t\t\t\t\t\n\n\t\t\t\t\t\t\t\t\t\t\t\t\t\t<div class=\"tb-card entry\">\n\t\t\t\t\t\t\t\t\t\t\t\t\t\t\t\t<div class=\"tb-image-part\">\n\n\t\t\t\t\t\t\t\t\t<img src='https:\/\/ugn.travelblox.eu\/wp-content\/uploads\/sites\/124\/2025\/12\/Anais_Steyaert_Uganda2025433-768x512.jpg' width='768' height='512' loading='lazy' image_size='medium_large'>\t\t\t\t\t\t\t\t\t\t\t\t\t\t\t\t\t\t\t<div class=\"tb-image-part__overlay\">\n\t\t\t\t\t\t\t\t\t\t\t<h3 class=\"tb-image-part__title\">\n\t\t\t\t\t\t\t\t\t\t\t\t<span>Tukulu Eco Village<\/span>\n\t\t\t\t\t\t\t\t\t\t\t\t\t\t\t\t\t\t\t\t\t\t\t<\/h3>\n\t\t\t\t\t\t\t\t\t\t\t\t\t\t\t\t\t\t\t\t\t<\/div>\n\t\t\t\t\t\t\t\t\t\n\t\t\t\t\t\t\t\t\t\t\t\t\t\t\t\t\t\t\t<div class=\"tag tiny-body-font\">D\u00e9veloppement communautaire<\/div>\n\t\t\t\t\t\t\t\t\t\n\t\t\t\t\t\t\t\t<\/div>\n\t\t\t\t\t\t\t\t\t\t\t\t\t\t\t\t\t<div class=\"tb-card-content\">\n\t\t\t\t\t\t\t\t\t\t\t\t\t\t\t\t\t\t\t\t\t<div class=\"property\">\n\t\t\t\t\t\t\t\t\t\t\t\t\t\t\t\t<i class=\"icon fa-solid fa-graduation-cap\" aria-hidden=\"true\"><\/i>\n\t\t\t\t\t\t\t\t\t\t\t\t\t\t\t<span>Am\u00e9liorer l'acc\u00e8s \u00e0 l'\u00e9ducation<\/span>\n\t\t\t\t\t\t\t\t\t\t\t<\/div>\n\t\t\t\t\t\t\t\t\t\t\t\t\t\t\t\t\t\t\t\t\t<div class=\"property\">\n\t\t\t\t\t\t\t\t\t\t\t\t\t\t\t\t<i class=\"icon fa-solid fa-people-group\" aria-hidden=\"true\"><\/i>\n\t\t\t\t\t\t\t\t\t\t\t\t\t\t\t<span>\u00c9change culturel<\/span>\n\t\t\t\t\t\t\t\t\t\t\t<\/div>\n\t\t\t\t\t\t\t\t\t\t\t\t\t\t\t\t\t\t\t<\/div>\n\t\t\t\t\t\t\t\t\n\t\t\t\t\t\t\t\t\t\t<\/div>\n\t\n\n\t\t\t\t\t\t\t\t\t\t\t\t\t<a href=\"https:\/\/www.charitywater.org\/about?_gl=1*8q0kt0*_up*MQ..*_ga*MzI4NjEwMTk0LjE3NjQ2NjU2NTA.*_ga_SKG6MDYX1T*czE3NjQ2NjU2NDkkbzEkZzAkdDE3NjQ2NjU2NDkkajYwJGwwJGg5NjQxMTkzNzM.\"  target=\"_blank\" class=\"tb-card entry\">\n\t\t\t\t\t\t\t\t\t\t\t\t\t\t\t<div class=\"tb-image-part\">\n\n\t\t\t\t\t\t\t\t\t<img src='https:\/\/ugn.travelblox.eu\/wp-content\/uploads\/sites\/124\/2025\/12\/charity-water-768x1152.jpeg' width='768' height='1152' loading='lazy' image_size='medium_large'>\t\t\t\t\t\t\t\t\t\t\t\t\t\t\t\t\t\t\t<div class=\"tb-image-part__overlay\">\n\t\t\t\t\t\t\t\t\t\t\t<h3 class=\"tb-image-part__title\">\n\t\t\t\t\t\t\t\t\t\t\t\t<span>Charity: water<\/span>\n\t\t\t\t\t\t\t\t\t\t\t\t\t\t\t\t\t\t\t\t\t\t\t\t\t<i class=\"icon fa-solid fa-arrow-right\"><\/i>\n\t\t\t\t\t\t\t\t\t\t\t\t\t\t\t\t\t\t\t\t\t\t\t<\/h3>\n\t\t\t\t\t\t\t\t\t\t\t\t\t\t\t\t\t\t\t\t\t<\/div>\n\t\t\t\t\t\t\t\t\t\n\t\t\t\t\t\t\t\t\t\t\t\t\t\t\t\t\t\t\t<div class=\"tag tiny-body-font\">Gestion de l'eau<\/div>\n\t\t\t\t\t\t\t\t\t\n\t\t\t\t\t\t\t\t<\/div>\n\t\t\t\t\t\t\t\t\t\t\t\t\t\t\t\t\t<div class=\"tb-card-content\">\n\t\t\t\t\t\t\t\t\t\t\t\t\t\t\t\t\t\t\t\t\t<div class=\"property\">\n\t\t\t\t\t\t\t\t\t\t\t\t\t\t\t\t<i class=\"icon fa-solid fa-water\" aria-hidden=\"true\"><\/i>\n\t\t\t\t\t\t\t\t\t\t\t\t\t\t\t<span>Construction d'une pompe \u00e0 eau <\/span>\n\t\t\t\t\t\t\t\t\t\t\t<\/div>\n\t\t\t\t\t\t\t\t\t\t\t\t\t\t\t\t\t\t\t\t\t<div class=\"property\">\n\t\t\t\t\t\t\t\t\t\t\t\t\t\t\t\t<i class=\"icon fa-solid fa-people-group\" aria-hidden=\"true\"><\/i>\n\t\t\t\t\t\t\t\t\t\t\t\t\t\t\t<span>Fournir de l'eau potable \u00e0 250 personnes.<\/span>\n\t\t\t\t\t\t\t\t\t\t\t<\/div>\n\t\t\t\t\t\t\t\t\t\t\t\t\t\t\t\t\t\t\t<\/div>\n\t\t\t\t\t\t\t\t\n\t\t\t\t\t\t\t\t\t\t\t\t\t\t\t<\/a>\n\t\t\t\t\t\t\n\n\t\t\t\t\t\t\t\t\t\t\t\t\t<a href=\"https:\/\/www.daretodreamafrica.org\/\"  target=\"_blank\" class=\"tb-card entry\">\n\t\t\t\t\t\t\t\t\t\t\t\t\t\t\t<div class=\"tb-image-part\">\n\n\t\t\t\t\t\t\t\t\t<img src='https:\/\/ugn.travelblox.eu\/wp-content\/uploads\/sites\/124\/2025\/12\/IMG_8538cropped-768x995.jpg' width='768' height='995' loading='lazy' image_size='medium_large'>\t\t\t\t\t\t\t\t\t\t\t\t\t\t\t\t\t\t\t<div class=\"tb-image-part__overlay\">\n\t\t\t\t\t\t\t\t\t\t\t<h3 class=\"tb-image-part__title\">\n\t\t\t\t\t\t\t\t\t\t\t\t<span>Rushaga Community School<\/span>\n\t\t\t\t\t\t\t\t\t\t\t\t\t\t\t\t\t\t\t\t\t\t\t\t\t<i class=\"icon fa-solid fa-arrow-right\"><\/i>\n\t\t\t\t\t\t\t\t\t\t\t\t\t\t\t\t\t\t\t\t\t\t\t<\/h3>\n\t\t\t\t\t\t\t\t\t\t\t\t\t\t\t\t\t\t\t\t\t<\/div>\n\t\t\t\t\t\t\t\t\t\n\t\t\t\t\t\t\t\t\t\t\t\t\t\t\t\t\t\t\t<div class=\"tag tiny-body-font\">D\u00e9veloppement communautaire<\/div>\n\t\t\t\t\t\t\t\t\t\n\t\t\t\t\t\t\t\t<\/div>\n\t\t\t\t\t\t\t\t\t\t\t\t\t\t\t\t\t<div class=\"tb-card-content\">\n\t\t\t\t\t\t\t\t\t\t\t\t\t\t\t\t\t\t\t\t\t<div class=\"property\">\n\t\t\t\t\t\t\t\t\t\t\t\t\t\t\t\t<i class=\"icon fa-solid fa-graduation-cap\" aria-hidden=\"true\"><\/i>\n\t\t\t\t\t\t\t\t\t\t\t\t\t\t\t<span>Am\u00e9liorer l'acc\u00e8s \u00e0 l'\u00e9ducation<\/span>\n\t\t\t\t\t\t\t\t\t\t\t<\/div>\n\t\t\t\t\t\t\t\t\t\t\t\t\t\t\t\t\t\t\t\t\t<div class=\"property\">\n\t\t\t\t\t\t\t\t\t\t\t\t\t\t\t\t<i class=\"icon fa-solid fa-people-group\" aria-hidden=\"true\"><\/i>\n\t\t\t\t\t\t\t\t\t\t\t\t\t\t\t<span>Am\u00e9liorer les conditions de vie<\/span>\n\t\t\t\t\t\t\t\t\t\t\t<\/div>\n\t\t\t\t\t\t\t\t\t\t\t\t\t\t\t\t\t\t\t<\/div>\n\t\t\t\t\t\t\t\t\n\t\t\t\t\t\t\t\t\t\t\t\t\t\t\t<\/a>\n\t\t\t\t\t\t\n\t\t\t\t<\/div>\n\t\t\t\t\t\t<div class=\"tb-carousel-nav\">\n\t\t\t<div class=\"dots\">\n\t\t\t\t<div class=\"dot active\"><\/div>\n\t\t\t\t<div class=\"dot\"><\/div>\n\t\t\t\t<div class=\"dot\"><\/div>\n\t\t\t<\/div>\n\t\t\t<div class=\"arrows\">\n\t\t\t\t<div class=\"prev disabled\">\n\t\t\t\t\t<span><i class=\"fa fa-chevron-left\"><\/i><\/span>\n\t\t\t\t<\/div>\n\t\t\t\t<div class=\"next\">\n\t\t\t\t\t<span><i class=\"fa fa-chevron-right\"><\/i><\/span>\n\t\t\t\t<\/div>\n\t\t\t<\/div>\n\t\t<\/div>\n\t\t\t\t<\/div>\n\t\t<\/div>\n\t<\/div>\n\n<!-- end section -->\n\n\n<\/div>\n\n\n\n\n<div class=\"tb-textimage2 tb-block align-left background-light pattern-none variant-text_first tb-collapsible-margins\" id=\"textimage2\">\n\t<div class=\"inner-block tb-fade-in\">\n\n\t\t\n\t\t<div class=\"tb-columns\">\n\t\t\t<div class=\"tb-column\">\n\t\t\t\t<div class=\"tb-text-part\">\n\t\t\t\t\t<h2>Pourquoi l'eau est cruciale<\/h2>\n\t\t\t\t\t\t\t<div class=\"translation-block\"><p>L'eau propre est la base de tout. Gr\u00e2ce \u00e0 la Butterfly Foundation, Uganda Nomads se concentre sur la gestion durable de l'eau. Ce faisant, nous obtenons des impacts positifs dans des domaines cruciaux :<\/p>\n<ul data-path-to-node=\"3\">\n<li><b data-path-to-node=\"3,0,0\" data-index-in-node=\"0\">Sant\u00e9 :<\/b>&nbsp;L'eau potable stoppe la propagation de maladies d'origine hydrique mortelles.<\/li>\n<li><b data-path-to-node=\"3,1,0\" data-index-in-node=\"0\">Temps &amp; D\u00e9veloppement :<\/b>&nbsp;L'acc\u00e8s \u00e0 l'eau est un acc\u00e8s au temps. Le temps \u00e9conomis\u00e9 est investi dans l'\u00e9ducation et le d\u00e9veloppement \u00e9conomique.<\/li>\n<li><b data-path-to-node=\"3,2,0\" data-index-in-node=\"0\">S\u00e9curit\u00e9 Alimentaire :<\/b>&nbsp;L'eau soutient l'agriculture par l'irrigation, ce qui augmente les rendements des cultures et la stabilit\u00e9 globale de la r\u00e9gion.<\/li>\n<\/ul><\/div>\n\t\t\t\t\t\t\t\t\t\t\t<div class=\"tb-buttons-part\">\n\t\t\t\t\t\t\t\t<a href=\"https:\/\/butterfly-foundation.org\/fr\"  target=\"\" class=\"tb-button\">\n\t\t\tEn savoir plus sur la Butterfly Foundation\t\t<\/a>\n\t\t\t\t\t\t\t\t\t\t\t\t\t<\/div>\n\t\t\t\t<\/div>\n\t\t\t<\/div>\n\t\t\t<div class=\"tb-column\">\n\t\t\t\t\t\t\t\t\t\t\t\t\t\t\t<div class=\"tb-video-part\">\n\t\t\t\t\t\t\t<iframe src=\"https:\/\/iframe.mediadelivery.net\/embed\/295792\/3fadd5d0-ee19-4456-a5f9-50cb4c16fc4f?autoplay=true&#038;preload=true&#038;loop=true&#038;responsive=true&#038;muted=true\" allow=\"accelerometer;gyroscope;encrypted-media;picture-in-picture;autoplay;muted;\" allowfullscreen=\"true\" style=\"border: none;\" loading=\"lazy\"><\/iframe>\t\t\t\t\t\t<\/div>\n\t\t\t\t\t\t\t\t\t\t\t\t<\/div>\n\t\t<\/div>\n\t<\/div>\n<\/div>","protected":false},"excerpt":{"rendered":"","protected":false},"author":165,"featured_media":1445,"parent":509,"menu_order":0,"comment_status":"closed","ping_status":"closed","template":"","meta":{"_acf_changed":false,"inline_featured_image":false,"footnotes":""},"class_list":["post-1275","page","type-page","status-publish","has-post-thumbnail","hentry"],"acf":{"page_package_ids":"UGN-UGA","is_main_package_page":false,"additional_linked_packages":[],"feed_page_to_atlas":true},"_links":{"self":[{"href":"https:\/\/ugn.travelblox.eu\/fr\/wp-json\/wp\/v2\/pages\/1275","targetHints":{"allow":["GET"]}}],"collection":[{"href":"https:\/\/ugn.travelblox.eu\/fr\/wp-json\/wp\/v2\/pages"}],"about":[{"href":"https:\/\/ugn.travelblox.eu\/fr\/wp-json\/wp\/v2\/types\/page"}],"author":[{"embeddable":true,"href":"https:\/\/ugn.travelblox.eu\/fr\/wp-json\/wp\/v2\/users\/165"}],"replies":[{"embeddable":true,"href":"https:\/\/ugn.travelblox.eu\/fr\/wp-json\/wp\/v2\/comments?post=1275"}],"version-history":[{"count":39,"href":"https:\/\/ugn.travelblox.eu\/fr\/wp-json\/wp\/v2\/pages\/1275\/revisions"}],"predecessor-version":[{"id":1980,"href":"https:\/\/ugn.travelblox.eu\/fr\/wp-json\/wp\/v2\/pages\/1275\/revisions\/1980"}],"up":[{"embeddable":true,"href":"https:\/\/ugn.travelblox.eu\/fr\/wp-json\/wp\/v2\/pages\/509"}],"wp:featuredmedia":[{"embeddable":true,"href":"https:\/\/ugn.travelblox.eu\/fr\/wp-json\/wp\/v2\/media\/1445"}],"wp:attachment":[{"href":"https:\/\/ugn.travelblox.eu\/fr\/wp-json\/wp\/v2\/media?parent=1275"}],"curies":[{"name":"wp","href":"https:\/\/api.w.org\/{rel}","templated":true}]}}