{"id":962,"date":"2025-10-06T10:29:02","date_gmt":"2025-10-06T10:29:02","guid":{"rendered":"https:\/\/ugn.travelblox.eu\/?page_id=962"},"modified":"2026-04-01T09:13:58","modified_gmt":"2026-04-01T09:13:58","slug":"a-propos","status":"publish","type":"page","link":"https:\/\/ugn.travelblox.eu\/fr\/a-propos\/","title":{"rendered":"\u00c0 propos de nous"},"content":{"rendered":"<div class=\"tb-header tb-block align-center background-dark pattern-none variant-none\" id=\"header\" data-fallback-background=\"https:\/\/ugn.travelblox.eu\/wp-content\/uploads\/sites\/124\/2025\/09\/DSCF7043-Gemiddeld.jpg\" style=\"background-image: url('https:\/\/ugn.travelblox.eu\/wp-content\/uploads\/sites\/124\/2025\/09\/DSCF7043-Gemiddeld.jpg'); background-position:50% 50%;\">\n    <div class=\"tb-header-foreground\">\n        <div class=\"inner-block\">\n\n            <div class=\"main-part\">\n                <div class=\"text-part\">\n                                                                                            <h1>\t<span class=\"tb-logo\"  style=\"-webkit-mask-image: url(https:\/\/ugn.travelblox.eu\/wp-content\/uploads\/sites\/124\/2025\/01\/round-white.svg); mask-image: url(https:\/\/ugn.travelblox.eu\/wp-content\/uploads\/sites\/124\/2025\/01\/round-white.svg)\">\n\t\t<img src='https:\/\/ugn.travelblox.eu\/wp-content\/uploads\/sites\/124\/2025\/01\/round-white.svg' width='1024' height='1024' alt='Uganda Nomads logo' title='Uganda Nomads' loading='lazy'>\n\t<\/span>\n<\/h1>\n                                                                                        <h2 class=\"tb-subtitle\">\t\t<div class=\"translation-block\"><p>L'\u00e9quipe et l'histoire derri\u00e8re Uganda Nomads<\/p><\/div>\n\t<\/h2>\n                                                                                                                                            <\/div>\n            <\/div>\n            \n                    <\/div>\n    <\/div>\n\n    \n    \n<\/div>\n\n\n<div class=\"tb-team tb-block align-center background-light pattern-none variant-none tb-collapsible-margins\" id=\"team\">\n\t<div class=\"inner-block tb-fade-in tb-fade-in--subtle\">\n\t\t<div class=\"text-part\">\n\t\t\t<h2>\u00c0 propos de nous<\/h2>\n\t\t\t\t\t<div class=\"translation-block\"><p>Chez Uganda Nomads, nous aimons <strong>l\u2019aventure<\/strong>, la <strong>d\u00e9couverte<\/strong> de l\u2019inconnu et les <strong>voyages qui ont du sens<\/strong>. En Ouganda, quelque chose op\u00e8re naturellement : une nature pr\u00e9serv\u00e9e, des paysages qui changent chaque jour, et cette atmosph\u00e8re qui pousse \u00e0 lever le pied. Ici, on prend le temps. On avance sans se presser, en laissant l\u2019aventure d\u00e9cider de la suite.<\/p><p>Nous croyons que la <strong>Perle de l\u2019Afrique se d\u00e9couvre avec curiosit\u00e9 et simplicit\u00e9<\/strong>. Que vous rouliez sur des routes parfois caboss\u00e9es, que vous tombiez sur des lieux inattendus dans des villages recul\u00e9s ou que vous vous arr\u00eatiez sur le bas-c\u00f4t\u00e9 \u00e0 cause d\u2019un impr\u00e9vu, chaque moment fait partie du voyage. On profite de l\u2019instant, des paysages, des rencontres, et de ce retour \u00e0 l\u2019essentiel. <strong>Notre r\u00f4le<\/strong> est simple : <strong>transformer un voyage en souvenirs qui restent<\/strong>.<\/p><p>Des safaris dans le parc de Murchison Falls aux moments de calme au bord du lac Bunyonyi, en passant par un rolex d\u00e9gust\u00e9 sur le pouce dans une rue anim\u00e9e de Hoima, <strong>l\u2019Ouganda ne cesse de surprendre<\/strong>. Et nous sommes l\u00e0 pour vous aider \u00e0 le vivre pleinement !<\/p><\/div>\n\t\t\t<\/div>\n\t<\/div>\n\t\t\t\t\t<div class=\"inner-block-full-width has-tb-carousel\" >\n\t\t\t<div class=\"tb-carousel-container\">\n\t\t\t\t<div class=\"entries tb-cards\" data-slider-first=\"1\">\n\t\t\t\t\t\t\t\t\t<div class=\"tb-card entry\" style=\"background-image: url('https:\/\/ugn.travelblox.eu\/wp-content\/uploads\/sites\/124\/2025\/01\/ansita-1-e1738052179449-883x1024.jpg')\">\n\t\t\t\t<label for=\"tb-team-read-more-block_s124__p962__team-0\" class=\"tb-team__card-label\">\n\t\t\t\t\t<div class=\"overlay\"><\/div>\n\t\t\t\t\t<div class=\"overlay overlay--extra\"><\/div>\n\t\t\t\t\t<div class=\"content\">\n\t\t\t\t\t\t<div class=\"tb-team__card-titles\">\n\t\t\t\t\t\t\t<h3>Ansita<\/h3>\n\t\t\t\t\t\t\t\t\t\t\t\t\t\t\t<p>Responsable de l'organisation<\/p>\n\t\t\t\t\t\t\t\t\t\t\t\t\t<\/div>\n\t\t\t\t\t\t\t\t\t\t\t<\/div>\n\t\t\t\t\t<input type=\"checkbox\" class=\"tb-team__card-checkbox\" id=\"tb-team-read-more-block_s124__p962__team-0\">\n\t\t\t\t<\/label>\n\t\t\t<\/div>\n\t\t\t\t\t<div class=\"tb-card entry\" style=\"background-image: url('https:\/\/ugn.travelblox.eu\/wp-content\/uploads\/sites\/124\/2025\/08\/Chloe-Uganda-Nomads-e1756281260258.jpg')\">\n\t\t\t\t<label for=\"tb-team-read-more-block_s124__p962__team-1\" class=\"tb-team__card-label\">\n\t\t\t\t\t<div class=\"overlay\"><\/div>\n\t\t\t\t\t<div class=\"overlay overlay--extra\"><\/div>\n\t\t\t\t\t<div class=\"content\">\n\t\t\t\t\t\t<div class=\"tb-team__card-titles\">\n\t\t\t\t\t\t\t<h3>Chlo\u00e9<\/h3>\n\t\t\t\t\t\t\t\t\t\t\t\t\t\t\t<p>S'occupe de la communication.<\/p>\n\t\t\t\t\t\t\t\t\t\t\t\t\t<\/div>\n\t\t\t\t\t\t\t\t\t\t\t<\/div>\n\t\t\t\t\t<input type=\"checkbox\" class=\"tb-team__card-checkbox\" id=\"tb-team-read-more-block_s124__p962__team-1\">\n\t\t\t\t<\/label>\n\t\t\t<\/div>\n\t\t\t\t\t<div class=\"tb-card entry\" style=\"background-image: url('https:\/\/ugn.travelblox.eu\/wp-content\/uploads\/sites\/124\/2025\/11\/82d0a89e-695d-4eee-811e-3b6eb704a3fd-e1763117623348-1024x1020.jpg')\">\n\t\t\t\t<label for=\"tb-team-read-more-block_s124__p962__team-2\" class=\"tb-team__card-label\">\n\t\t\t\t\t<div class=\"overlay\"><\/div>\n\t\t\t\t\t<div class=\"overlay overlay--extra\"><\/div>\n\t\t\t\t\t<div class=\"content\">\n\t\t\t\t\t\t<div class=\"tb-team__card-titles\">\n\t\t\t\t\t\t\t<h3>Pip<\/h3>\n\t\t\t\t\t\t\t\t\t\t\t\t\t\t\t<p>Ici pour r\u00e9pondre \u00e0 toutes vos questions<\/p>\n\t\t\t\t\t\t\t\t\t\t\t\t\t<\/div>\n\t\t\t\t\t\t\t\t\t\t\t<\/div>\n\t\t\t\t\t<input type=\"checkbox\" class=\"tb-team__card-checkbox\" id=\"tb-team-read-more-block_s124__p962__team-2\">\n\t\t\t\t<\/label>\n\t\t\t<\/div>\n\t\t\t\t\t<div class=\"tb-card entry\" style=\"background-image: url('https:\/\/ugn.travelblox.eu\/wp-content\/uploads\/sites\/124\/2025\/12\/IMG_7945-768x1024.jpg')\">\n\t\t\t\t<label for=\"tb-team-read-more-block_s124__p962__team-3\" class=\"tb-team__card-label\">\n\t\t\t\t\t<div class=\"overlay\"><\/div>\n\t\t\t\t\t<div class=\"overlay overlay--extra\"><\/div>\n\t\t\t\t\t<div class=\"content\">\n\t\t\t\t\t\t<div class=\"tb-team__card-titles\">\n\t\t\t\t\t\t\t<h3>Moses<\/h3>\n\t\t\t\t\t\t\t\t\t\t\t\t\t\t\t<p>Notre h\u00e9ro local en Ouganda<\/p>\n\t\t\t\t\t\t\t\t\t\t\t\t\t<\/div>\n\t\t\t\t\t\t\t\t\t\t\t<\/div>\n\t\t\t\t\t<input type=\"checkbox\" class=\"tb-team__card-checkbox\" id=\"tb-team-read-more-block_s124__p962__team-3\">\n\t\t\t\t<\/label>\n\t\t\t<\/div>\n\t\t\t\t\t\t\t\t<\/div>\n\t\t\t\t\t\t<div class=\"tb-carousel-nav\">\n\t\t\t<div class=\"dots\">\n\t\t\t\t<div class=\"dot active\"><\/div>\n\t\t\t\t<div class=\"dot\"><\/div>\n\t\t\t\t<div class=\"dot\"><\/div>\n\t\t\t<\/div>\n\t\t\t<div class=\"arrows\">\n\t\t\t\t<div class=\"prev disabled\">\n\t\t\t\t\t<span><i class=\"fa fa-chevron-left\"><\/i><\/span>\n\t\t\t\t<\/div>\n\t\t\t\t<div class=\"next\">\n\t\t\t\t\t<span><i class=\"fa fa-chevron-right\"><\/i><\/span>\n\t\t\t\t<\/div>\n\t\t\t<\/div>\n\t\t<\/div>\n\t\t\t\t<\/div>\n\t\t<\/div>\n\t\t\t\t\t<div class=\"tb-team__extra inner-block tb-fade-in tb-fade-in--subtle\">\n\t\t\t<div class=\"text-part\">\n\t\t\t\t<h3>Des questions ?<\/h3>\n\t\t\t\t\t\t<div class=\"translation-block\"><p>N'h\u00e9sitez pas \u00e0&nbsp;<a href=\"https:\/\/ugandanomads.com\/en\/contact\/\">nous contacter<\/a>, nous serons ravis de vous aider<\/p><\/div>\n\t\t\t\t\t<div class=\"tb-buttons-part\">\n\t\t\t\t\t\t\t\t\t<\/div>\n\t\t\t<\/div>\n\t\t<\/div>\n\t<\/div>\n\n\n\n\n<div class=\"tb-colcompare tb-block align-center background-light pattern-none variant-cards tb-collapsible-margins\" id=\"why\">\n\t<div class=\"inner-block tb-fade-in tb-fade-in--subtle\">\n\t\t<div class=\"text-part\">\n\t\t\t<h2>Pourquoi voyager avec Uganda Nomads ?<\/h2>\n\t\t\t\t\t<div class=\"translation-block\"><\/div>\n\t\t\t<\/div>\n\t<\/div>\n\t\t\t\t\t<div class=\"inner-block-full-width has-tb-carousel tb-justified\" >\n\t\t\t<div class=\"tb-carousel-container\">\n\t\t\t\t<div class=\"entries tb-cards\" data-slider-first=\"1\">\n\t\t\t\t\t\t\t\t\t<div class=\"tb-card entry tb-fade-in tb-fade-in--subtle\">\n\t\t\t\t<div class=\"tb-image-part\">\n\t\t\t\t\t<img src='https:\/\/ugn.travelblox.eu\/wp-content\/uploads\/sites\/124\/2025\/02\/b03e40e2-c809-41da-b9a9-525ba5d86453-768x1153.jpg' width='768' height='1153' alt='route en Ouganda' loading='lazy' image_size='medium_large'>\t\t\t\t<\/div>\n\t\t\t\t<div class=\"tb-card-content text-part\">\n\t\t\t\t\t<h5> Un itin\u00e9raire soigneusement organis\u00e9<\/h5>\n\t\t\t\t\t\t\t<div class=\"translation-block\"><p>Nous prenons en charge chaque aspect de votre voyage pour que vous profitiez pleinement de l\u2019exp\u00e9rience. Navigation, \u00e9quipement de camping, h\u00e9bergements et activit\u00e9s : tout est organis\u00e9 pour vous. Sur place, notre \u00e9quipe veille au moindre d\u00e9tail afin que vous n\u2019ayez qu\u2019\u00e0 savourer votre aventure.<\/p><\/div>\n\t\t\t\t\t\t<div class=\"tb-buttons-part\">\n\t\t\t\t\t\t\t\t\t\t\t<\/div>\n\t\t\t\t<\/div>\n\t\t\t<\/div>\n\t\t\t\t\t<div class=\"tb-card entry tb-fade-in tb-fade-in--subtle\">\n\t\t\t\t<div class=\"tb-image-part\">\n\t\t\t\t\t<img src='https:\/\/ugn.travelblox.eu\/wp-content\/uploads\/sites\/124\/2025\/02\/Oeganda-web-043-768x512.jpg' width='768' height='512' alt='Des gens admirant la vue' style='object-position:50% 50%' loading='lazy' image_size='medium_large'>\t\t\t\t<\/div>\n\t\t\t\t<div class=\"tb-card-content text-part\">\n\t\t\t\t\t<h5> Un excellent rapport qualit\u00e9-prix<\/h5>\n\t\t\t\t\t\t\t<div class=\"translation-block\"><p>Nous rendons l'aventure accessible \u00e0 tous ! En ma\u00eetrisant chaque aspect de votre voyage de A \u00e0 Z, nous vous offrons une exp\u00e9rience authentique \u00e0 un prix juste et transparent. Notre organisation directe, sans interm\u00e9diaires, vous garantit le meilleur rapport qualit\u00e9-prix pour une aventure inoubliable, sans mauvaises surprises.<\/p><\/div>\n\t\t\t\t\t\t<div class=\"tb-buttons-part\">\n\t\t\t\t\t\t\t\t\t\t\t<\/div>\n\t\t\t\t<\/div>\n\t\t\t<\/div>\n\t\t\t\t\t<div class=\"tb-card entry tb-fade-in tb-fade-in--subtle\">\n\t\t\t\t<div class=\"tb-image-part\">\n\t\t\t\t\t<img src='https:\/\/ugn.travelblox.eu\/wp-content\/uploads\/sites\/124\/2025\/02\/Oeganda-web-097-768x512.jpg' width='768' height='512' alt='enfants sur la route' loading='lazy' image_size='medium_large'>\t\t\t\t<\/div>\n\t\t\t\t<div class=\"tb-card-content text-part\">\n\t\t\t\t\t<h5> Un tourisme responsable<\/h5>\n\t\t\t\t\t\t\t<div class=\"translation-block\"><p>Voyager avec Uganda Nomads signifie \u00e9galement voyager de mani\u00e8re responsable, 1% de ton voyage est donn\u00e9 \u00e0 Join For Water. De plus, nous nous engageons \u00e9galement en faveur de la durabilit\u00e9 et collaborons avec les communaut\u00e9s locales.<\/p><\/div>\n\t\t\t\t\t\t<div class=\"tb-buttons-part\">\n\t\t\t\t\t\t\t\t\t\t\t<\/div>\n\t\t\t\t<\/div>\n\t\t\t<\/div>\n\t\t\t\t\t<div class=\"tb-card entry tb-fade-in tb-fade-in--subtle\">\n\t\t\t\t<div class=\"tb-image-part\">\n\t\t\t\t\t<img src='https:\/\/ugn.travelblox.eu\/wp-content\/uploads\/sites\/124\/2025\/02\/Oeganda-web-146.jpg' width='580' height='870' alt='Local en Ouganda souriant' style='object-position:50% 50%' loading='lazy' image_size='medium_large'>\t\t\t\t<\/div>\n\t\t\t\t<div class=\"tb-card-content text-part\">\n\t\t\t\t\t<h5> Une \u00e9quipe disponible 24\/24<\/h5>\n\t\t\t\t\t\t\t<div class=\"translation-block\"><p>Libert\u00e9 et tranquillit\u00e9 d'esprit : d\u00e9couvrez l'Ouganda, en sachant que notre \u00e9quipe locale est toujours \u00e0 vos c\u00f4t\u00e9s. Des conseils avis\u00e9s aux petits coups de pouce bienvenus, nous veillons discr\u00e8tement sur votre aventure pour qu'elle soit aussi sereine que m\u00e9morable. L'ind\u00e9pendance d'un road trip, avec un filet de s\u00e9curit\u00e9 !<\/p><\/div>\n\t\t\t\t\t\t<div class=\"tb-buttons-part\">\n\t\t\t\t\t\t\t\t\t\t\t<\/div>\n\t\t\t\t<\/div>\n\t\t\t<\/div>\n\t\t\t\t\t\t\t\t<\/div>\n\t\t\t\t\t\t<div class=\"tb-carousel-nav\">\n\t\t\t<div class=\"dots\">\n\t\t\t\t<div class=\"dot active\"><\/div>\n\t\t\t\t<div class=\"dot\"><\/div>\n\t\t\t\t<div class=\"dot\"><\/div>\n\t\t\t<\/div>\n\t\t\t<div class=\"arrows\">\n\t\t\t\t<div class=\"prev disabled\">\n\t\t\t\t\t<span><i class=\"fa fa-chevron-left\"><\/i><\/span>\n\t\t\t\t<\/div>\n\t\t\t\t<div class=\"next\">\n\t\t\t\t\t<span><i class=\"fa fa-chevron-right\"><\/i><\/span>\n\t\t\t\t<\/div>\n\t\t\t<\/div>\n\t\t<\/div>\n\t\t\t\t<\/div>\n\t\t<\/div>\n\t\t\t<\/div>\n\n\n\n<div class=\"tb-textimage1 tb-block align-center background-light pattern-none variant-none tb-collapsible-margins\" id=\"textimage1-1\">\n\t<div class=\"inner-block tb-fade-in tb-fade-in--subtle\">\n\n\t\t\n\t\t<div class=\"text-part\">\n\t\t\t<h2>Uganda Nomads, un concept de Travelbase<\/h2>\n\t\t\t\t\t<div class=\"translation-block\"><p>Uganda Nomads est un concept de voyage propos\u00e9 par <a href=\"http:\/\/travelbase.eu\">Travelbase<\/a>, une entreprise en pleine croissance dans l'industrie du voyage. Depuis 2010, nous cr\u00e9ons des aventures inoubliables dans certains des plus beaux endroits du monde.<\/p><p>Chez Travelbase, nous croyons que le voyage est plus important que la destination. Notre objectif est de vous sortir de votre zone de confort, de repousser vos limites et de vous aider \u00e0 vous reconnecter avec la nature et les personnes qui vous entourent.<\/p><\/div>\n\t\t\t<\/div>\n\t<\/div>\n\t<div class=\"inner-block\">\n\t\t\t\t\t\t\t\t\t<div class=\"tb-video-part\">\n\t\t\t\t\t<iframe src=\"https:\/\/iframe.mediadelivery.net\/embed\/295792\/7a5e5c1c-dce1-4bfc-8068-8b33f27934e6?autoplay=true&#038;preload=true&#038;loop=true&#038;responsive=true&#038;muted=true\" allow=\"accelerometer;gyroscope;encrypted-media;picture-in-picture;autoplay;muted;\" allowfullscreen=\"true\" style=\"border: none;\" loading=\"lazy\"><\/iframe>\t\t\t\t<\/div>\n\t\t\t\t\t\t<\/div>\n\t<div class=\"inner-block tb-fade-in tb-fade-in--subtle\">\n\t\t<div class=\"text-part\">\n\t\t\t\t\t<div class=\"translation-block\"><\/div>\n\t\t\t\t<div class=\"tb-buttons-part\">\n\t\t\t\t\t\t\t\t\t\t\t<\/div>\n\t\t<\/div>\n\t<\/div>\n<\/div>","protected":false},"excerpt":{"rendered":"","protected":false},"author":46,"featured_media":168,"parent":0,"menu_order":0,"comment_status":"closed","ping_status":"closed","template":"","meta":{"_acf_changed":false,"inline_featured_image":false,"footnotes":""},"class_list":["post-962","page","type-page","status-publish","has-post-thumbnail","hentry"],"acf":{"page_package_ids":"","is_main_package_page":false,"additional_linked_packages":[],"feed_page_to_atlas":false},"_links":{"self":[{"href":"https:\/\/ugn.travelblox.eu\/fr\/wp-json\/wp\/v2\/pages\/962","targetHints":{"allow":["GET"]}}],"collection":[{"href":"https:\/\/ugn.travelblox.eu\/fr\/wp-json\/wp\/v2\/pages"}],"about":[{"href":"https:\/\/ugn.travelblox.eu\/fr\/wp-json\/wp\/v2\/types\/page"}],"author":[{"embeddable":true,"href":"https:\/\/ugn.travelblox.eu\/fr\/wp-json\/wp\/v2\/users\/46"}],"replies":[{"embeddable":true,"href":"https:\/\/ugn.travelblox.eu\/fr\/wp-json\/wp\/v2\/comments?post=962"}],"version-history":[{"count":21,"href":"https:\/\/ugn.travelblox.eu\/fr\/wp-json\/wp\/v2\/pages\/962\/revisions"}],"predecessor-version":[{"id":1968,"href":"https:\/\/ugn.travelblox.eu\/fr\/wp-json\/wp\/v2\/pages\/962\/revisions\/1968"}],"wp:featuredmedia":[{"embeddable":true,"href":"https:\/\/ugn.travelblox.eu\/fr\/wp-json\/wp\/v2\/media\/168"}],"wp:attachment":[{"href":"https:\/\/ugn.travelblox.eu\/fr\/wp-json\/wp\/v2\/media?parent=962"}],"curies":[{"name":"wp","href":"https:\/\/api.w.org\/{rel}","templated":true}]}}